{"id":1692,"date":"2024-06-13T07:28:02","date_gmt":"2024-06-13T07:28:02","guid":{"rendered":"https:\/\/www.carrosserie-whow.fr\/?page_id=1692"},"modified":"2024-06-13T07:28:02","modified_gmt":"2024-06-13T07:28:02","slug":"mentions-legales","status":"publish","type":"page","link":"https:\/\/www.carrosserie-whow.fr\/?page_id=1692","title":{"rendered":"Mentions L\u00e9gales"},"content":{"rendered":"\n<p><strong><em>01- Informations g\u00e9n\u00e9rales<\/em><\/strong><\/p>\n\n\n\n<p>Le site www.carrosserie-whow.fr est produit par CARROSSERIE WHOW, immatricul\u00e9e au Registre du Commerce et des Soci\u00e9t\u00e9s de Villefranche sur Saone-Tarare B sous le num\u00e9ro 984 796 631, dont le si\u00e8ge social est situe au 1067 ROUTE NATIONALE 6 &#8211; 69400 ARNAS \u2013 France, au capital social de 1200 euros.<\/p>\n\n\n\n<p>N\u00b0 de TVA intracommunautaire: FR86984796631<\/p>\n\n\n\n<p>T\u00e9l\u00e9phone : 04.74.68.08.91<\/p>\n\n\n\n<p>Contact: contact@whow.fr<\/p>\n\n\n\n<p>Le directeur de la publication : M. Yannick PHILIBERT<\/p>\n\n\n\n<p>Le responsable des activit\u00e9s : M. Yannick PHILIBERT<\/p>\n\n\n\n<p><strong>02- Protection des donn\u00e9es personnelles<\/strong><\/p>\n\n\n\n<p>www.carrosserie-whow.fr s&rsquo;engage \u00e0 pr\u00e9server la confidentialit\u00e9 des informations \u00e9ventuellement fournies en ligne par l&rsquo;internaute. Toute information personnelle que l&rsquo;internaute serait amen\u00e9 \u00e0 transmettre \u00e0 www.carrosserie-whow.fr pour l&rsquo;utilisation de certains services est soumise aux dispositions de la Loi n\u00b0 78-17 Informatique et Libert\u00e9s du 06 janvier 1978.<\/p>\n\n\n\n<p>A ce titre, l&rsquo;internaute dispose d&rsquo;un droit d&rsquo;acc\u00e8s, de rectification et de suppression des informations personnelles le concernant qu&rsquo;il peut exercer \u00e0 tout moment en adressant un courrier \u00e0 l&rsquo;adresse suivante :<\/p>\n\n\n\n<p>Carrosserie Whow<\/p>\n\n\n\n<p>1067 ROUTE NATIONALE 6<\/p>\n\n\n\n<p>69400 ARNAS<\/p>\n\n\n\n<p>ou par email : contact@whow.fr<\/p>\n\n\n\n<p><strong>03- Liens<\/strong><\/p>\n\n\n\n<p>Le site peut inclure des liens vers d&rsquo;autres sites Web ou d&rsquo;autres sources Internet. Dans la mesure o\u00f9 www.carrosserie-whow.fr ne peut contr\u00f4ler ces sites et ces sources externes, www.carrosserie-whow.fr ne peut \u00eatre tenue pour responsable de la mise \u00e0 disposition de ces sites et sources externes, et ne peut supporter aucune responsabilit\u00e9 quant au contenu, publicit\u00e9s, produits, services ou tout autre mat\u00e9riel disponible sur ou \u00e0 partir de ces sites ou sources externes. De plus, www.carrosserie-whow.fr ne pourra \u00eatre tenu responsable de tous dommages ou pertes av\u00e9r\u00e9s ou all\u00e9gu\u00e9s cons\u00e9cutifs ou en relation avec l&rsquo;utilisation ou le fait d&rsquo;avoir fait confiance au contenu, \u00e0 des biens ou des services disponibles sur ces sites ou sources externes.<\/p>\n\n\n\n<p><strong>04- Droit de propri\u00e9t\u00e9<\/strong><\/p>\n\n\n\n<p>Le site (textes, photos etc.) ainsi que tout logiciel utilis\u00e9 n\u00e9cessairement en relation avec celui-ci peuvent contenir des informations confidentielles et prot\u00e9g\u00e9es par le droit de la propri\u00e9t\u00e9 intellectuelle en vigueur ou toute autre loi. Ainsi, sauf mention contraire, les droits de propri\u00e9t\u00e9 intellectuelle sur les documents contenus dans le site et chacun des \u00e9l\u00e9ments cr\u00e9\u00e9s pour ce site sont la propri\u00e9t\u00e9 exclusive de www.carrosserie-whow.fr, celle-ci ne conc\u00e9dant aucune licence, ni aucun droit autre que celui de consulter le site. La reproduction de tous documents publi\u00e9s sur le site est seulement autoris\u00e9e aux fins exclusives d&rsquo;information pour un usage personnel et priv\u00e9, toute reproduction et toute utilisation de copies r\u00e9alis\u00e9es \u00e0 d&rsquo;autres fins \u00e9tant express\u00e9ment interdite. Il est \u00e9galement interdit de copier, modifier, cr\u00e9er une oeuvre d\u00e9riv\u00e9e, inverser la conception ou l&rsquo;assemblage ou de toute autre mani\u00e8re tenter d\u2019utiliser de quelque mani\u00e8re que ce soit tout droit aff\u00e9rant aux textes, photos etc.<\/p>\n\n\n\n<p>www.carrosserie-whow.fr se r\u00e9serve le droit de demander des dommages et int\u00e9r\u00eats en cas de contrefa\u00e7on et plus g\u00e9n\u00e9ralement d&rsquo;atteinte \u00e0 ses droits de propri\u00e9t\u00e9 intellectuelle.Le site (textes, photos etc.) ainsi que tout logiciel utilis\u00e9 n\u00e9cessairement en relation avec celui-ci peuvent contenir des informations confidentielles et prot\u00e9g\u00e9es par le droit de la propri\u00e9t\u00e9 intellectuelle en vigueur ou toute autre loi. Ainsi, sauf mention contraire, les droits de propri\u00e9t\u00e9 intellectuelle sur les documents contenus dans le site et chacun des \u00e9l\u00e9ments cr\u00e9\u00e9s pour ce site sont la propri\u00e9t\u00e9 exclusive de www.carrosserie-whow.fr, celle-ci ne conc\u00e9dant aucune licence, ni aucun droit autre que celui de consulter le site. La reproduction de tous documents publi\u00e9s sur le site est seulement autoris\u00e9e aux fins exclusives d&rsquo;information pour un usage personnel et priv\u00e9, toute reproduction et toute utilisation de copies r\u00e9alis\u00e9es \u00e0 d&rsquo;autres fins \u00e9tant express\u00e9ment interdite. Il est \u00e9galement interdit de copier, modifier, cr\u00e9er une oeuvre d\u00e9riv\u00e9e, inverser la conception ou l&rsquo;assemblage ou de toute autre mani\u00e8re tenter d\u2019utiliser de quelque mani\u00e8re que ce soit tout droit aff\u00e9rant aux textes, photos etc.<\/p>\n\n\n\n<p>www.carrosseriewhow.fr se r\u00e9serve le droit de demander des dommages et int\u00e9r\u00eats en cas de contrefa\u00e7on et plus g\u00e9n\u00e9ralement d&rsquo;atteinte \u00e0 ses droits de propri\u00e9t\u00e9 intellectuelle.<\/p>\n","protected":false},"excerpt":{"rendered":"<p>01- Informations g\u00e9n\u00e9rales Le site www.carrosserie-whow.fr est produit par CARROSSERIE WHOW, immatricul\u00e9e au Registre du Commerce et des Soci\u00e9t\u00e9s de Villefranche sur Saone-Tarare B sous le num\u00e9ro 984 796 631, dont le si\u00e8ge social est situe au 1067 ROUTE NATIONALE 6 &#8211; 69400 ARNAS \u2013 France, au capital social de 1200 euros. N\u00b0 de TVA<\/p>\n","protected":false},"author":1,"featured_media":0,"parent":0,"menu_order":0,"comment_status":"closed","ping_status":"closed","template":"","meta":{"footnotes":""},"class_list":["post-1692","page","type-page","status-publish","hentry"],"yoast_head":"<!-- This site is optimized with the Yoast SEO plugin v27.6 - https:\/\/yoast.com\/product\/yoast-seo-wordpress\/ -->\n<title>Mentions L\u00e9gales - Carrosserie WHOW<\/title>\n<meta name=\"robots\" content=\"index, follow, max-snippet:-1, max-image-preview:large, max-video-preview:-1\" \/>\n<link rel=\"canonical\" href=\"https:\/\/www.carrosserie-whow.fr\/?page_id=1692\" \/>\n<meta property=\"og:locale\" content=\"fr_FR\" \/>\n<meta property=\"og:type\" content=\"article\" \/>\n<meta property=\"og:title\" content=\"Mentions L\u00e9gales - Carrosserie WHOW\" \/>\n<meta property=\"og:description\" content=\"01- Informations g\u00e9n\u00e9rales Le site www.carrosserie-whow.fr est produit par CARROSSERIE WHOW, immatricul\u00e9e au Registre du Commerce et des Soci\u00e9t\u00e9s de Villefranche sur Saone-Tarare B sous le num\u00e9ro 984 796 631, dont le si\u00e8ge social est situe au 1067 ROUTE NATIONALE 6 &#8211; 69400 ARNAS \u2013 France, au capital social de 1200 euros. N\u00b0 de TVA\" \/>\n<meta property=\"og:url\" content=\"https:\/\/www.carrosserie-whow.fr\/?page_id=1692\" \/>\n<meta property=\"og:site_name\" content=\"Carrosserie WHOW\" \/>\n<meta property=\"article:publisher\" content=\"https:\/\/www.facebook.com\/WhowDSP\" \/>\n<meta name=\"twitter:card\" content=\"summary_large_image\" \/>\n<meta name=\"twitter:site\" content=\"@Whow_fr\" \/>\n<meta name=\"twitter:label1\" content=\"Dur\u00e9e de lecture estim\u00e9e\" \/>\n\t<meta name=\"twitter:data1\" content=\"4 minutes\" \/>\n<script type=\"application\/ld+json\" class=\"yoast-schema-graph\">{\"@context\":\"https:\\\/\\\/schema.org\",\"@graph\":[{\"@type\":\"WebPage\",\"@id\":\"https:\\\/\\\/www.carrosserie-whow.fr\\\/?page_id=1692\",\"url\":\"https:\\\/\\\/www.carrosserie-whow.fr\\\/?page_id=1692\",\"name\":\"Mentions L\u00e9gales - Carrosserie WHOW\",\"isPartOf\":{\"@id\":\"https:\\\/\\\/www.carrosserie-whow.fr\\\/#website\"},\"datePublished\":\"2024-06-13T07:28:02+00:00\",\"breadcrumb\":{\"@id\":\"https:\\\/\\\/www.carrosserie-whow.fr\\\/?page_id=1692#breadcrumb\"},\"inLanguage\":\"fr-FR\",\"potentialAction\":[{\"@type\":\"ReadAction\",\"target\":[\"https:\\\/\\\/www.carrosserie-whow.fr\\\/?page_id=1692\"]}]},{\"@type\":\"BreadcrumbList\",\"@id\":\"https:\\\/\\\/www.carrosserie-whow.fr\\\/?page_id=1692#breadcrumb\",\"itemListElement\":[{\"@type\":\"ListItem\",\"position\":1,\"name\":\"Accueil\",\"item\":\"https:\\\/\\\/www.carrosserie-whow.fr\\\/\"},{\"@type\":\"ListItem\",\"position\":2,\"name\":\"Mentions L\u00e9gales\"}]},{\"@type\":\"WebSite\",\"@id\":\"https:\\\/\\\/www.carrosserie-whow.fr\\\/#website\",\"url\":\"https:\\\/\\\/www.carrosserie-whow.fr\\\/\",\"name\":\"Carrosserie WHOW\",\"description\":\"\",\"publisher\":{\"@id\":\"https:\\\/\\\/www.carrosserie-whow.fr\\\/#organization\"},\"potentialAction\":[{\"@type\":\"SearchAction\",\"target\":{\"@type\":\"EntryPoint\",\"urlTemplate\":\"https:\\\/\\\/www.carrosserie-whow.fr\\\/?s={search_term_string}\"},\"query-input\":{\"@type\":\"PropertyValueSpecification\",\"valueRequired\":true,\"valueName\":\"search_term_string\"}}],\"inLanguage\":\"fr-FR\"},{\"@type\":\"Organization\",\"@id\":\"https:\\\/\\\/www.carrosserie-whow.fr\\\/#organization\",\"name\":\"Carrosserie WHOW\",\"url\":\"https:\\\/\\\/www.carrosserie-whow.fr\\\/\",\"logo\":{\"@type\":\"ImageObject\",\"inLanguage\":\"fr-FR\",\"@id\":\"https:\\\/\\\/www.carrosserie-whow.fr\\\/#\\\/schema\\\/logo\\\/image\\\/\",\"url\":\"https:\\\/\\\/www.carrosserie-whow.fr\\\/wp-content\\\/uploads\\\/2024\\\/05\\\/IMG_0633.png\",\"contentUrl\":\"https:\\\/\\\/www.carrosserie-whow.fr\\\/wp-content\\\/uploads\\\/2024\\\/05\\\/IMG_0633.png\",\"width\":3508,\"height\":2480,\"caption\":\"Carrosserie WHOW\"},\"image\":{\"@id\":\"https:\\\/\\\/www.carrosserie-whow.fr\\\/#\\\/schema\\\/logo\\\/image\\\/\"},\"sameAs\":[\"https:\\\/\\\/www.facebook.com\\\/WhowDSP\",\"https:\\\/\\\/x.com\\\/Whow_fr\",\"https:\\\/\\\/www.instagram.com\\\/whow.dsp\\\/\"]}]}<\/script>\n<!-- \/ Yoast SEO plugin. -->","yoast_head_json":{"title":"Mentions L\u00e9gales - Carrosserie WHOW","robots":{"index":"index","follow":"follow","max-snippet":"max-snippet:-1","max-image-preview":"max-image-preview:large","max-video-preview":"max-video-preview:-1"},"canonical":"https:\/\/www.carrosserie-whow.fr\/?page_id=1692","og_locale":"fr_FR","og_type":"article","og_title":"Mentions L\u00e9gales - Carrosserie WHOW","og_description":"01- Informations g\u00e9n\u00e9rales Le site www.carrosserie-whow.fr est produit par CARROSSERIE WHOW, immatricul\u00e9e au Registre du Commerce et des Soci\u00e9t\u00e9s de Villefranche sur Saone-Tarare B sous le num\u00e9ro 984 796 631, dont le si\u00e8ge social est situe au 1067 ROUTE NATIONALE 6 &#8211; 69400 ARNAS \u2013 France, au capital social de 1200 euros. N\u00b0 de TVA","og_url":"https:\/\/www.carrosserie-whow.fr\/?page_id=1692","og_site_name":"Carrosserie WHOW","article_publisher":"https:\/\/www.facebook.com\/WhowDSP","twitter_card":"summary_large_image","twitter_site":"@Whow_fr","twitter_misc":{"Dur\u00e9e de lecture estim\u00e9e":"4 minutes"},"schema":{"@context":"https:\/\/schema.org","@graph":[{"@type":"WebPage","@id":"https:\/\/www.carrosserie-whow.fr\/?page_id=1692","url":"https:\/\/www.carrosserie-whow.fr\/?page_id=1692","name":"Mentions L\u00e9gales - Carrosserie WHOW","isPartOf":{"@id":"https:\/\/www.carrosserie-whow.fr\/#website"},"datePublished":"2024-06-13T07:28:02+00:00","breadcrumb":{"@id":"https:\/\/www.carrosserie-whow.fr\/?page_id=1692#breadcrumb"},"inLanguage":"fr-FR","potentialAction":[{"@type":"ReadAction","target":["https:\/\/www.carrosserie-whow.fr\/?page_id=1692"]}]},{"@type":"BreadcrumbList","@id":"https:\/\/www.carrosserie-whow.fr\/?page_id=1692#breadcrumb","itemListElement":[{"@type":"ListItem","position":1,"name":"Accueil","item":"https:\/\/www.carrosserie-whow.fr\/"},{"@type":"ListItem","position":2,"name":"Mentions L\u00e9gales"}]},{"@type":"WebSite","@id":"https:\/\/www.carrosserie-whow.fr\/#website","url":"https:\/\/www.carrosserie-whow.fr\/","name":"Carrosserie WHOW","description":"","publisher":{"@id":"https:\/\/www.carrosserie-whow.fr\/#organization"},"potentialAction":[{"@type":"SearchAction","target":{"@type":"EntryPoint","urlTemplate":"https:\/\/www.carrosserie-whow.fr\/?s={search_term_string}"},"query-input":{"@type":"PropertyValueSpecification","valueRequired":true,"valueName":"search_term_string"}}],"inLanguage":"fr-FR"},{"@type":"Organization","@id":"https:\/\/www.carrosserie-whow.fr\/#organization","name":"Carrosserie WHOW","url":"https:\/\/www.carrosserie-whow.fr\/","logo":{"@type":"ImageObject","inLanguage":"fr-FR","@id":"https:\/\/www.carrosserie-whow.fr\/#\/schema\/logo\/image\/","url":"https:\/\/www.carrosserie-whow.fr\/wp-content\/uploads\/2024\/05\/IMG_0633.png","contentUrl":"https:\/\/www.carrosserie-whow.fr\/wp-content\/uploads\/2024\/05\/IMG_0633.png","width":3508,"height":2480,"caption":"Carrosserie WHOW"},"image":{"@id":"https:\/\/www.carrosserie-whow.fr\/#\/schema\/logo\/image\/"},"sameAs":["https:\/\/www.facebook.com\/WhowDSP","https:\/\/x.com\/Whow_fr","https:\/\/www.instagram.com\/whow.dsp\/"]}]}},"_links":{"self":[{"href":"https:\/\/www.carrosserie-whow.fr\/index.php?rest_route=\/wp\/v2\/pages\/1692","targetHints":{"allow":["GET"]}}],"collection":[{"href":"https:\/\/www.carrosserie-whow.fr\/index.php?rest_route=\/wp\/v2\/pages"}],"about":[{"href":"https:\/\/www.carrosserie-whow.fr\/index.php?rest_route=\/wp\/v2\/types\/page"}],"author":[{"embeddable":true,"href":"https:\/\/www.carrosserie-whow.fr\/index.php?rest_route=\/wp\/v2\/users\/1"}],"replies":[{"embeddable":true,"href":"https:\/\/www.carrosserie-whow.fr\/index.php?rest_route=%2Fwp%2Fv2%2Fcomments&post=1692"}],"version-history":[{"count":2,"href":"https:\/\/www.carrosserie-whow.fr\/index.php?rest_route=\/wp\/v2\/pages\/1692\/revisions"}],"predecessor-version":[{"id":1694,"href":"https:\/\/www.carrosserie-whow.fr\/index.php?rest_route=\/wp\/v2\/pages\/1692\/revisions\/1694"}],"wp:attachment":[{"href":"https:\/\/www.carrosserie-whow.fr\/index.php?rest_route=%2Fwp%2Fv2%2Fmedia&parent=1692"}],"curies":[{"name":"wp","href":"https:\/\/api.w.org\/{rel}","templated":true}]}}