{"id":1701,"date":"2024-06-13T08:11:01","date_gmt":"2024-06-13T08:11:01","guid":{"rendered":"https:\/\/www.carrosserie-whow.fr\/?page_id=1701"},"modified":"2025-12-04T09:00:35","modified_gmt":"2025-12-04T09:00:35","slug":"carrosserie-traditionnelle","status":"publish","type":"page","link":"https:\/\/www.carrosserie-whow.fr\/?page_id=1701","title":{"rendered":"Carrosserie"},"content":{"rendered":"<div class=\"wpb-content-wrapper\"><p>[vc_row][vc_column width=\u00a0\u00bb1\/2&Prime;][vc_single_image image=\u00a0\u00bb1896&Prime; alignment=\u00a0\u00bbcenter\u00a0\u00bb onclick=\u00a0\u00bbimg_link_large\u00a0\u00bb css_animation=\u00a0\u00bbfadeInDown\u00a0\u00bb][vc_empty_space][vc_custom_heading text=\u00a0\u00bbCarrosserie traditionnelle\u00a0\u00bb font_container=\u00a0\u00bbtag:h2|text_align:center|color:%23caf816&Prime;][vc_column_text]Chez Whow, nous sommes experts en r\u00e9paration de carrosserie, qu&rsquo;il s&rsquo;agisse de *petits* ou de **gros** dommages. Nos \u00e9quipes de techniciens qualifi\u00e9s utilisent des techniques avanc\u00e9es et des mat\u00e9riaux de haute qualit\u00e9 pour redonner \u00e0 votre v\u00e9hicule son aspect d&rsquo;origine.<\/p>\n<p><em><strong>*Petits Dommages*<\/strong><\/em>\u00a0: Nous traitons les rayures, les bosses mineures et autres petits dommages avec pr\u00e9cision, en assurant une finition impeccable.<\/p>\n<p><em><strong>**Gros Dommages**<\/strong><\/em> : Pour les dommages plus importants, nous proc\u00e9dons \u00e0 des r\u00e9parations structurelles et esth\u00e9tiques compl\u00e8tes, y compris le redressage de ch\u00e2ssis et le remplacement de pi\u00e8ces endommag\u00e9es.[\/vc_column_text][vc_empty_space height=\u00a0\u00bb64px\u00a0\u00bb][\/vc_column][vc_column width=\u00a0\u00bb1\/2&Prime;][vc_empty_space height=\u00a0\u00bb120px\u00a0\u00bb][vc_single_image image=\u00a0\u00bb1795&Prime; img_size=\u00a0\u00bblarge\u00a0\u00bb onclick=\u00a0\u00bbimg_link_large\u00a0\u00bb css_animation=\u00a0\u00bbfadeInDown\u00a0\u00bb][vc_empty_space][vc_row_inner][vc_column_inner width=\u00a0\u00bb1\/2&Prime;][vc_single_image image=\u00a0\u00bb1797&Prime; img_size=\u00a0\u00bbmedium\u00a0\u00bb alignment=\u00a0\u00bbcenter\u00a0\u00bb onclick=\u00a0\u00bbimg_link_large\u00a0\u00bb css_animation=\u00a0\u00bbfadeInDown\u00a0\u00bb][\/vc_column_inner][vc_column_inner width=\u00a0\u00bb1\/2&Prime;][vc_single_image image=\u00a0\u00bb1796&Prime; img_size=\u00a0\u00bbMedium\u00a0\u00bb alignment=\u00a0\u00bbcenter\u00a0\u00bb onclick=\u00a0\u00bbimg_link_large\u00a0\u00bb css_animation=\u00a0\u00bbfadeInDown\u00a0\u00bb][\/vc_column_inner][\/vc_row_inner][vc_empty_space height=\u00a0\u00bb64px\u00a0\u00bb][\/vc_column][\/vc_row][vc_row][vc_column width=\u00a0\u00bb1\/2&Prime;][vc_single_image image=\u00a0\u00bb1862&Prime; alignment=\u00a0\u00bbcenter\u00a0\u00bb onclick=\u00a0\u00bbimg_link_large\u00a0\u00bb css_animation=\u00a0\u00bbfadeInDown\u00a0\u00bb][vc_empty_space][vc_custom_heading text=\u00a0\u00bbPeinture\u00a0\u00bb font_container=\u00a0\u00bbtag:h2|text_align:center|color:%23caf816&Prime;][vc_column_text]Nos ateliers de peinture sont \u00e9quip\u00e9s des technologies les plus r\u00e9centes pour garantir une finition parfaite \u00e0 chaque fois. Nous offrons une gamme compl\u00e8te de services de peinture, adapt\u00e9s \u00e0 vos besoins sp\u00e9cifiques.<\/p>\n<p><em><strong>**Peinture Partielle ou Compl\u00e8te**<\/strong><\/em> : Que vous ayez besoin de retoucher une petite zone ou de repeindre enti\u00e8rement votre v\u00e9hicule, nous assurons une application homog\u00e8ne et durable.<\/p>\n<p><em><strong>**Correspondance des Couleurs**<\/strong><\/em> : Gr\u00e2ce \u00e0 notre syst\u00e8me de correspondance des couleurs, nous pouvons recr\u00e9er exactement la teinte originale de votre v\u00e9hicule.<\/p>\n<p><em><strong>**Peintures \u00c9cologiques**<\/strong><\/em> : Nous utilisons des peintures respectueuses de l&rsquo;environnement, sans compromettre la qualit\u00e9 et la durabilit\u00e9 de la finition.[\/vc_column_text][vc_empty_space height=\u00a0\u00bb64px\u00a0\u00bb][\/vc_column][vc_column width=\u00a0\u00bb1\/2&Prime;][vc_empty_space height=\u00a0\u00bb120px\u00a0\u00bb][vc_single_image image=\u00a0\u00bb1716&Prime; img_size=\u00a0\u00bblarge\u00a0\u00bb onclick=\u00a0\u00bbimg_link_large\u00a0\u00bb css_animation=\u00a0\u00bbfadeInDown\u00a0\u00bb][vc_empty_space][vc_row_inner][vc_column_inner width=\u00a0\u00bb1\/2&Prime;][vc_single_image image=\u00a0\u00bb1799&Prime; img_size=\u00a0\u00bbmedium\u00a0\u00bb alignment=\u00a0\u00bbcenter\u00a0\u00bb onclick=\u00a0\u00bbimg_link_large\u00a0\u00bb css_animation=\u00a0\u00bbfadeInDown\u00a0\u00bb][\/vc_column_inner][vc_column_inner width=\u00a0\u00bb1\/2&Prime;][vc_single_image image=\u00a0\u00bb1803&Prime; img_size=\u00a0\u00bb300&#215;200&Prime; alignment=\u00a0\u00bbcenter\u00a0\u00bb onclick=\u00a0\u00bbimg_link_large\u00a0\u00bb css_animation=\u00a0\u00bbfadeInDown\u00a0\u00bb][\/vc_column_inner][\/vc_row_inner][vc_empty_space][\/vc_column][\/vc_row][vc_row][vc_column width=\u00a0\u00bb1\/2&Prime;][vc_single_image image=\u00a0\u00bb1863&Prime; alignment=\u00a0\u00bbcenter\u00a0\u00bb onclick=\u00a0\u00bbimg_link_large\u00a0\u00bb css_animation=\u00a0\u00bbfadeInDown\u00a0\u00bb][vc_empty_space][vc_custom_heading text=\u00a0\u00bbR\u00e9novation optique\u00a0\u00bb font_container=\u00a0\u00bbtag:h2|text_align:center|color:%23caf816&Prime;][vc_column_text]Avec le temps, les phares de votre v\u00e9hicule peuvent devenir opaques et moins efficaces. Notre service de r\u00e9novation optique redonne clart\u00e9 et brillance \u00e0 vos phares, am\u00e9liorant ainsi l&rsquo;esth\u00e9tique de votre v\u00e9hicule et votre s\u00e9curit\u00e9 sur la route.[\/vc_column_text][\/vc_column][vc_column width=\u00a0\u00bb1\/2&Prime;][vc_empty_space height=\u00a0\u00bb64px\u00a0\u00bb][vc_single_image image=\u00a0\u00bb1811&Prime; img_size=\u00a0\u00bbmedium\u00a0\u00bb alignment=\u00a0\u00bbcenter\u00a0\u00bb onclick=\u00a0\u00bbimg_link_large\u00a0\u00bb css_animation=\u00a0\u00bbfadeInDown\u00a0\u00bb][vc_empty_space][\/vc_column][\/vc_row][vc_row][vc_column width=\u00a0\u00bb1\/2&Prime;][vc_single_image image=\u00a0\u00bb1977&Prime; alignment=\u00a0\u00bbcenter\u00a0\u00bb onclick=\u00a0\u00bbimg_link_large\u00a0\u00bb css_animation=\u00a0\u00bbfadeInDown\u00a0\u00bb][vc_empty_space][vc_custom_heading text=\u00a0\u00bbR\u00e9novation de jantes\u00a0\u00bb font_container=\u00a0\u00bbtag:h2|text_align:center|color:%23caf816&Prime;][vc_column_text]Gr\u00e2ce \u00e0 notre partenariat avec X\u2019Treme Color, nous proposons des services de r\u00e9novation de jantes de haute qualit\u00e9. Que vos jantes soient ray\u00e9es, \u00e9rafl\u00e9es ou simplement ternies, nous les restaurons \u00e0 leur \u00e9tat d&rsquo;origine ou leur donnons un nouveau look personnalis\u00e9.[\/vc_column_text][vc_empty_space][\/vc_column][vc_column width=\u00a0\u00bb1\/2&Prime;][vc_empty_space][vc_single_image image=\u00a0\u00bb1809&Prime; img_size=\u00a0\u00bbMedium\u00a0\u00bb alignment=\u00a0\u00bbcenter\u00a0\u00bb onclick=\u00a0\u00bbimg_link_large\u00a0\u00bb css_animation=\u00a0\u00bbfadeInDown\u00a0\u00bb][vc_empty_space][\/vc_column][\/vc_row]<\/p>\n<\/div>","protected":false},"excerpt":{"rendered":"<p>[vc_row][vc_column width=\u00a0\u00bb1\/2&Prime;][vc_single_image image=\u00a0\u00bb1896&Prime; alignment=\u00a0\u00bbcenter\u00a0\u00bb onclick=\u00a0\u00bbimg_link_large\u00a0\u00bb css_animation=\u00a0\u00bbfadeInDown\u00a0\u00bb][vc_empty_space][vc_custom_heading text=\u00a0\u00bbCarrosserie traditionnelle\u00a0\u00bb font_container=\u00a0\u00bbtag:h2|text_align:center|color:%23caf816&Prime;][vc_column_text]Chez Whow, nous sommes experts en r\u00e9paration de carrosserie, qu&rsquo;il s&rsquo;agisse de *petits* ou de **gros** dommages. Nos \u00e9quipes de techniciens qualifi\u00e9s utilisent des techniques avanc\u00e9es et des mat\u00e9riaux de haute qualit\u00e9 pour redonner \u00e0 votre v\u00e9hicule son aspect d&rsquo;origine. *Petits Dommages*\u00a0: Nous traitons les rayures, les<\/p>\n","protected":false},"author":1,"featured_media":0,"parent":0,"menu_order":0,"comment_status":"closed","ping_status":"closed","template":"","meta":{"footnotes":""},"class_list":["post-1701","page","type-page","status-publish","hentry"],"yoast_head":"<!-- This site is optimized with the Yoast SEO plugin v27.6 - https:\/\/yoast.com\/product\/yoast-seo-wordpress\/ -->\n<title>Carrosserie traditionnelle<\/title>\n<meta name=\"description\" content=\"D\u00e9couvrez nos services de carrosserie traditionnelle, peinture, r\u00e9novation optique et r\u00e9novation de jantes.\" \/>\n<meta name=\"robots\" content=\"index, follow, max-snippet:-1, max-image-preview:large, max-video-preview:-1\" \/>\n<link rel=\"canonical\" href=\"https:\/\/www.carrosserie-whow.fr\/?page_id=1701\" \/>\n<meta property=\"og:locale\" content=\"fr_FR\" \/>\n<meta property=\"og:type\" content=\"article\" \/>\n<meta property=\"og:title\" content=\"Carrosserie traditionnelle\" \/>\n<meta property=\"og:description\" content=\"D\u00e9couvrez nos services de carrosserie traditionnelle, peinture, r\u00e9novation optique et r\u00e9novation de jantes.\" \/>\n<meta property=\"og:url\" content=\"https:\/\/www.carrosserie-whow.fr\/?page_id=1701\" \/>\n<meta property=\"og:site_name\" content=\"Carrosserie WHOW\" \/>\n<meta property=\"article:publisher\" content=\"https:\/\/www.facebook.com\/WhowDSP\" \/>\n<meta property=\"article:modified_time\" content=\"2025-12-04T09:00:35+00:00\" \/>\n<meta name=\"twitter:card\" content=\"summary_large_image\" \/>\n<meta name=\"twitter:site\" content=\"@Whow_fr\" \/>\n<meta name=\"twitter:label1\" content=\"Dur\u00e9e de lecture estim\u00e9e\" \/>\n\t<meta name=\"twitter:data1\" content=\"5 minutes\" \/>\n<script type=\"application\/ld+json\" class=\"yoast-schema-graph\">{\"@context\":\"https:\\\/\\\/schema.org\",\"@graph\":[{\"@type\":\"WebPage\",\"@id\":\"https:\\\/\\\/www.carrosserie-whow.fr\\\/?page_id=1701\",\"url\":\"https:\\\/\\\/www.carrosserie-whow.fr\\\/?page_id=1701\",\"name\":\"Carrosserie traditionnelle\",\"isPartOf\":{\"@id\":\"https:\\\/\\\/www.carrosserie-whow.fr\\\/#website\"},\"datePublished\":\"2024-06-13T08:11:01+00:00\",\"dateModified\":\"2025-12-04T09:00:35+00:00\",\"description\":\"D\u00e9couvrez nos services de carrosserie traditionnelle, peinture, r\u00e9novation optique et r\u00e9novation de jantes.\",\"breadcrumb\":{\"@id\":\"https:\\\/\\\/www.carrosserie-whow.fr\\\/?page_id=1701#breadcrumb\"},\"inLanguage\":\"fr-FR\",\"potentialAction\":[{\"@type\":\"ReadAction\",\"target\":[\"https:\\\/\\\/www.carrosserie-whow.fr\\\/?page_id=1701\"]}]},{\"@type\":\"BreadcrumbList\",\"@id\":\"https:\\\/\\\/www.carrosserie-whow.fr\\\/?page_id=1701#breadcrumb\",\"itemListElement\":[{\"@type\":\"ListItem\",\"position\":1,\"name\":\"Accueil\",\"item\":\"https:\\\/\\\/www.carrosserie-whow.fr\\\/\"},{\"@type\":\"ListItem\",\"position\":2,\"name\":\"Carrosserie\"}]},{\"@type\":\"WebSite\",\"@id\":\"https:\\\/\\\/www.carrosserie-whow.fr\\\/#website\",\"url\":\"https:\\\/\\\/www.carrosserie-whow.fr\\\/\",\"name\":\"Carrosserie WHOW\",\"description\":\"\",\"publisher\":{\"@id\":\"https:\\\/\\\/www.carrosserie-whow.fr\\\/#organization\"},\"potentialAction\":[{\"@type\":\"SearchAction\",\"target\":{\"@type\":\"EntryPoint\",\"urlTemplate\":\"https:\\\/\\\/www.carrosserie-whow.fr\\\/?s={search_term_string}\"},\"query-input\":{\"@type\":\"PropertyValueSpecification\",\"valueRequired\":true,\"valueName\":\"search_term_string\"}}],\"inLanguage\":\"fr-FR\"},{\"@type\":\"Organization\",\"@id\":\"https:\\\/\\\/www.carrosserie-whow.fr\\\/#organization\",\"name\":\"Carrosserie WHOW\",\"url\":\"https:\\\/\\\/www.carrosserie-whow.fr\\\/\",\"logo\":{\"@type\":\"ImageObject\",\"inLanguage\":\"fr-FR\",\"@id\":\"https:\\\/\\\/www.carrosserie-whow.fr\\\/#\\\/schema\\\/logo\\\/image\\\/\",\"url\":\"https:\\\/\\\/www.carrosserie-whow.fr\\\/wp-content\\\/uploads\\\/2024\\\/05\\\/IMG_0633.png\",\"contentUrl\":\"https:\\\/\\\/www.carrosserie-whow.fr\\\/wp-content\\\/uploads\\\/2024\\\/05\\\/IMG_0633.png\",\"width\":3508,\"height\":2480,\"caption\":\"Carrosserie WHOW\"},\"image\":{\"@id\":\"https:\\\/\\\/www.carrosserie-whow.fr\\\/#\\\/schema\\\/logo\\\/image\\\/\"},\"sameAs\":[\"https:\\\/\\\/www.facebook.com\\\/WhowDSP\",\"https:\\\/\\\/x.com\\\/Whow_fr\",\"https:\\\/\\\/www.instagram.com\\\/whow.dsp\\\/\"]}]}<\/script>\n<!-- \/ Yoast SEO plugin. -->","yoast_head_json":{"title":"Carrosserie traditionnelle","description":"D\u00e9couvrez nos services de carrosserie traditionnelle, peinture, r\u00e9novation optique et r\u00e9novation de jantes.","robots":{"index":"index","follow":"follow","max-snippet":"max-snippet:-1","max-image-preview":"max-image-preview:large","max-video-preview":"max-video-preview:-1"},"canonical":"https:\/\/www.carrosserie-whow.fr\/?page_id=1701","og_locale":"fr_FR","og_type":"article","og_title":"Carrosserie traditionnelle","og_description":"D\u00e9couvrez nos services de carrosserie traditionnelle, peinture, r\u00e9novation optique et r\u00e9novation de jantes.","og_url":"https:\/\/www.carrosserie-whow.fr\/?page_id=1701","og_site_name":"Carrosserie WHOW","article_publisher":"https:\/\/www.facebook.com\/WhowDSP","article_modified_time":"2025-12-04T09:00:35+00:00","twitter_card":"summary_large_image","twitter_site":"@Whow_fr","twitter_misc":{"Dur\u00e9e de lecture estim\u00e9e":"5 minutes"},"schema":{"@context":"https:\/\/schema.org","@graph":[{"@type":"WebPage","@id":"https:\/\/www.carrosserie-whow.fr\/?page_id=1701","url":"https:\/\/www.carrosserie-whow.fr\/?page_id=1701","name":"Carrosserie traditionnelle","isPartOf":{"@id":"https:\/\/www.carrosserie-whow.fr\/#website"},"datePublished":"2024-06-13T08:11:01+00:00","dateModified":"2025-12-04T09:00:35+00:00","description":"D\u00e9couvrez nos services de carrosserie traditionnelle, peinture, r\u00e9novation optique et r\u00e9novation de jantes.","breadcrumb":{"@id":"https:\/\/www.carrosserie-whow.fr\/?page_id=1701#breadcrumb"},"inLanguage":"fr-FR","potentialAction":[{"@type":"ReadAction","target":["https:\/\/www.carrosserie-whow.fr\/?page_id=1701"]}]},{"@type":"BreadcrumbList","@id":"https:\/\/www.carrosserie-whow.fr\/?page_id=1701#breadcrumb","itemListElement":[{"@type":"ListItem","position":1,"name":"Accueil","item":"https:\/\/www.carrosserie-whow.fr\/"},{"@type":"ListItem","position":2,"name":"Carrosserie"}]},{"@type":"WebSite","@id":"https:\/\/www.carrosserie-whow.fr\/#website","url":"https:\/\/www.carrosserie-whow.fr\/","name":"Carrosserie WHOW","description":"","publisher":{"@id":"https:\/\/www.carrosserie-whow.fr\/#organization"},"potentialAction":[{"@type":"SearchAction","target":{"@type":"EntryPoint","urlTemplate":"https:\/\/www.carrosserie-whow.fr\/?s={search_term_string}"},"query-input":{"@type":"PropertyValueSpecification","valueRequired":true,"valueName":"search_term_string"}}],"inLanguage":"fr-FR"},{"@type":"Organization","@id":"https:\/\/www.carrosserie-whow.fr\/#organization","name":"Carrosserie WHOW","url":"https:\/\/www.carrosserie-whow.fr\/","logo":{"@type":"ImageObject","inLanguage":"fr-FR","@id":"https:\/\/www.carrosserie-whow.fr\/#\/schema\/logo\/image\/","url":"https:\/\/www.carrosserie-whow.fr\/wp-content\/uploads\/2024\/05\/IMG_0633.png","contentUrl":"https:\/\/www.carrosserie-whow.fr\/wp-content\/uploads\/2024\/05\/IMG_0633.png","width":3508,"height":2480,"caption":"Carrosserie WHOW"},"image":{"@id":"https:\/\/www.carrosserie-whow.fr\/#\/schema\/logo\/image\/"},"sameAs":["https:\/\/www.facebook.com\/WhowDSP","https:\/\/x.com\/Whow_fr","https:\/\/www.instagram.com\/whow.dsp\/"]}]}},"_links":{"self":[{"href":"https:\/\/www.carrosserie-whow.fr\/index.php?rest_route=\/wp\/v2\/pages\/1701","targetHints":{"allow":["GET"]}}],"collection":[{"href":"https:\/\/www.carrosserie-whow.fr\/index.php?rest_route=\/wp\/v2\/pages"}],"about":[{"href":"https:\/\/www.carrosserie-whow.fr\/index.php?rest_route=\/wp\/v2\/types\/page"}],"author":[{"embeddable":true,"href":"https:\/\/www.carrosserie-whow.fr\/index.php?rest_route=\/wp\/v2\/users\/1"}],"replies":[{"embeddable":true,"href":"https:\/\/www.carrosserie-whow.fr\/index.php?rest_route=%2Fwp%2Fv2%2Fcomments&post=1701"}],"version-history":[{"count":43,"href":"https:\/\/www.carrosserie-whow.fr\/index.php?rest_route=\/wp\/v2\/pages\/1701\/revisions"}],"predecessor-version":[{"id":1978,"href":"https:\/\/www.carrosserie-whow.fr\/index.php?rest_route=\/wp\/v2\/pages\/1701\/revisions\/1978"}],"wp:attachment":[{"href":"https:\/\/www.carrosserie-whow.fr\/index.php?rest_route=%2Fwp%2Fv2%2Fmedia&parent=1701"}],"curies":[{"name":"wp","href":"https:\/\/api.w.org\/{rel}","templated":true}]}}