{"id":1705,"date":"2024-06-13T08:11:52","date_gmt":"2024-06-13T08:11:52","guid":{"rendered":"https:\/\/www.carrosserie-whow.fr\/?page_id=1705"},"modified":"2025-06-12T15:29:54","modified_gmt":"2025-06-12T15:29:54","slug":"cles","status":"publish","type":"page","link":"https:\/\/www.carrosserie-whow.fr\/?page_id=1705","title":{"rendered":"Cl\u00e9s \/ Pare-Brise"},"content":{"rendered":"<div class=\"wpb-content-wrapper\"><p>[vc_row][vc_column][vc_custom_heading text=\u00a0\u00bbCL\u00c9S\u00a0\u00bb font_container=\u00a0\u00bbtag:h2|font_size:50|text_align:center|color:%23ffffff\u00a0\u00bb][\/vc_column][\/vc_row][vc_row][vc_column width=\u00a0\u00bb1\/3&Prime;][vc_empty_space height=\u00a0\u00bb90px\u00a0\u00bb][vc_custom_heading text=\u00a0\u00bbReproduction et Reprogrammation de Cl\u00e9s de Voiture\u00a0\u00bb font_container=\u00a0\u00bbtag:h3|text_align:left|color:%23caf816&Prime;][vc_column_text]<\/p>\n<p style=\"text-align: left;\">Chez Whow, nous sommes sp\u00e9cialis\u00e9s dans la reproduction et la reprogrammation de cl\u00e9s de voiture. Gr\u00e2ce \u00e0 notre mat\u00e9riel de derni\u00e8re g\u00e9n\u00e9ration, compatible avec toutes les marques, nous sommes capables de reproduire et de r\u00e9parer tout type de cl\u00e9 automobile.<\/p>\n<p>[\/vc_column_text][vc_empty_space height=\u00a0\u00bb64px\u00a0\u00bb][\/vc_column][vc_column width=\u00a0\u00bb1\/3&Prime;][vc_empty_space][vc_single_image image=\u00a0\u00bb1833&Prime; alignment=\u00a0\u00bbcenter\u00a0\u00bb onclick=\u00a0\u00bbimg_link_large\u00a0\u00bb css_animation=\u00a0\u00bbfadeInDown\u00a0\u00bb][vc_empty_space][vc_single_image image=\u00a0\u00bb1872&Prime; alignment=\u00a0\u00bbcenter\u00a0\u00bb onclick=\u00a0\u00bbimg_link_large\u00a0\u00bb css_animation=\u00a0\u00bbfadeInDown\u00a0\u00bb][\/vc_column][vc_column width=\u00a0\u00bb1\/3&Prime;][vc_empty_space height=\u00a0\u00bb90px\u00a0\u00bb][vc_custom_heading text=\u00a0\u00bbUn service rapide et fiable\u00a0\u00bb font_container=\u00a0\u00bbtag:h3|text_align:justify|color:%23caf816&Prime;][vc_column_text]<\/p>\n<p style=\"text-align: left;\">Refaire une cl\u00e9 de voiture peut \u00eatre une op\u00e9ration fastidieuse et souvent on\u00e9reuse. Cependant, notre expertise et nos \u00e9quipements avanc\u00e9s nous permettent de vous offrir un service rapide, fiable et \u00e0 un co\u00fbt comp\u00e9titif.<\/p>\n<p style=\"text-align: left;\">Que vous ayez perdu votre cl\u00e9, que vous ayez besoin d\u2019une copie suppl\u00e9mentaire ou que votre cl\u00e9 actuelle n\u00e9cessite une r\u00e9paration, nous sommes l\u00e0 pour vous aider.<\/p>\n<p>[\/vc_column_text][vc_empty_space height=\u00a0\u00bb64px\u00a0\u00bb][\/vc_column][\/vc_row][vc_row][vc_column][vc_custom_heading text=\u00a0\u00bbPARE-BRISE\u00a0\u00bb font_container=\u00a0\u00bbtag:h2|font_size:50|text_align:center\u00a0\u00bb][\/vc_column][\/vc_row][vc_row][vc_column width=\u00a0\u00bb1\/3&Prime;][vc_empty_space height=\u00a0\u00bb90px\u00a0\u00bb][vc_custom_heading text=\u00a0\u00bbR\u00e9paration et Remplacement de Pare-brise\u00a0\u00bb font_container=\u00a0\u00bbtag:h3|text_align:justify|color:%23caf816&Prime;][vc_column_text]<\/p>\n<p style=\"text-align: left;\">Chez Whow, nous offrons des services complets de r\u00e9paration et de remplacement de pare-brise. Les impacts et fissures sur le pare-brise peuvent non seulement g\u00eaner la visibilit\u00e9, mais \u00e9galement compromettre la s\u00e9curit\u00e9 de votre v\u00e9hicule.<\/p>\n<p style=\"text-align: left;\">Nos \u00e9quipes utilisent des techniques et des mat\u00e9riaux de pointe pour assurer des r\u00e9parations durables et efficaces.<\/p>\n<p>[\/vc_column_text][vc_empty_space][vc_custom_heading text=\u00a0\u00bbPourquoi nous choisir ?\u00a0\u00bb font_container=\u00a0\u00bbtag:h3|text_align:justify|color:%23caf816&Prime;][vc_column_text]<\/p>\n<div class=\"wpb_text_column wpb_content_element \">\n<div class=\"wpb_wrapper\">\n<p style=\"text-align: left;\">\u2022Mat\u00e9riaux de Haute Qualit\u00e9 : Nous utilisons uniquement des pare-brise et des r\u00e9sines de haute qualit\u00e9, conformes aux normes des constructeurs automobiles.<\/p>\n<p style=\"text-align: left;\">\u2022Techniciens Exp\u00e9riment\u00e9s : Nos \u00e9quipes sont form\u00e9es aux techniques les plus r\u00e9centes de r\u00e9paration et de remplacement.<\/p>\n<p style=\"text-align: left;\">\u2022Service Rapide et Efficace : Que ce soit pour une r\u00e9paration ou un remplacement, nous travaillons rapidement pour minimiser le temps d\u2019immobilisation de votre v\u00e9hicule.<\/p>\n<p style=\"text-align: left;\">\u2022Satisfaction Client : Votre s\u00e9curit\u00e9 et votre satisfaction sont nos priorit\u00e9s. Nous nous engageons \u00e0 fournir un service de qualit\u00e9 exceptionnelle \u00e0 chaque intervention.<\/p>\n<\/div>\n<\/div>\n<p>[\/vc_column_text][\/vc_column][vc_column width=\u00a0\u00bb1\/3&Prime;][vc_empty_space height=\u00a0\u00bb200px\u00a0\u00bb][vc_single_image image=\u00a0\u00bb1837&Prime; img_size=\u00a0\u00bbThumbnail\u00a0\u00bb alignment=\u00a0\u00bbcenter\u00a0\u00bb onclick=\u00a0\u00bbimg_link_large\u00a0\u00bb css_animation=\u00a0\u00bbfadeInDown\u00a0\u00bb][vc_empty_space height=\u00a0\u00bb150px\u00a0\u00bb][vc_single_image image=\u00a0\u00bb1873&Prime; alignment=\u00a0\u00bbcenter\u00a0\u00bb onclick=\u00a0\u00bbimg_link_large\u00a0\u00bb css_animation=\u00a0\u00bbfadeInDown\u00a0\u00bb][\/vc_column][vc_column width=\u00a0\u00bb1\/3&Prime;][vc_empty_space height=\u00a0\u00bb90px\u00a0\u00bb][vc_custom_heading text=\u00a0\u00bbR\u00e9paration de Pare-Brise\u00a0\u00bb font_container=\u00a0\u00bbtag:h3|text_align:justify|color:%23caf816&Prime;][vc_column_text]<\/p>\n<p style=\"text-align: left;\">Optez pour notre service de r\u00e9paration de pare-brise haut de gamme. Gr\u00e2ce \u00e0 l\u2019injection d\u2019une r\u00e9sine sp\u00e9ciale, nous restaurons la solidit\u00e9 de votre pare-brise de mani\u00e8re discr\u00e8te pour une visibilit\u00e9 claire et une s\u00e9curit\u00e9 maximale sur la route.<\/p>\n<p style=\"text-align: left;\">Ce processus est rapide, \u00e9conomique et respectueux de l\u2019environnement, et permet souvent d\u2019\u00e9viter le remplacement complet du pare-brise.<\/p>\n<p>[\/vc_column_text][vc_empty_space height=\u00a0\u00bb60px\u00a0\u00bb][vc_custom_heading text=\u00a0\u00bbRemplacement de Pare-Brise\u00a0\u00bb font_container=\u00a0\u00bbtag:h3|text_align:justify|color:%23caf816&Prime;][vc_column_text]<\/p>\n<div class=\"vc_row wpb_row vc_row-fluid\">\n<div class=\"wpb_column vc_column_container vc_col-sm-12\">\n<div class=\"wpb_wrapper\">\n<div class=\"wpb_text_column wpb_content_element \">\n<div class=\"wpb_wrapper\">\n<p style=\"text-align: left;\">Lorsque les dommages sont trop importants pour \u00eatre r\u00e9par\u00e9s, nous proc\u00e9dons au remplacement complet du pare-brise. Nous utilisons des pare-brise de haute qualit\u00e9 conformes aux normes des constructeurs automobiles pour garantir votre s\u00e9curit\u00e9 et votre confort.<\/p>\n<p style=\"text-align: left;\">Nos techniciens exp\u00e9riment\u00e9s assurent une installation pr\u00e9cise et rapide, minimisant ainsi le temps d\u2019immobilisation de votre v\u00e9hicule.<\/p>\n<\/div>\n<\/div>\n<\/div>\n<\/div>\n<\/div>\n<p>[\/vc_column_text][\/vc_column][\/vc_row]<\/p>\n<\/div>","protected":false},"excerpt":{"rendered":"<p>[vc_row][vc_column][vc_custom_heading text=\u00a0\u00bbCL\u00c9S\u00a0\u00bb font_container=\u00a0\u00bbtag:h2|font_size:50|text_align:center|color:%23ffffff\u00a0\u00bb][\/vc_column][\/vc_row][vc_row][vc_column width=\u00a0\u00bb1\/3&Prime;][vc_empty_space height=\u00a0\u00bb90px\u00a0\u00bb][vc_custom_heading text=\u00a0\u00bbReproduction et Reprogrammation de Cl\u00e9s de Voiture\u00a0\u00bb font_container=\u00a0\u00bbtag:h3|text_align:left|color:%23caf816&Prime;][vc_column_text] Chez Whow, nous sommes sp\u00e9cialis\u00e9s dans la reproduction et la reprogrammation de cl\u00e9s de voiture. Gr\u00e2ce \u00e0 notre mat\u00e9riel de derni\u00e8re g\u00e9n\u00e9ration, compatible avec toutes les marques, nous sommes capables de reproduire et de r\u00e9parer tout type de cl\u00e9 automobile. [\/vc_column_text][vc_empty_space height=\u00a0\u00bb64px\u00a0\u00bb][\/vc_column][vc_column<\/p>\n","protected":false},"author":1,"featured_media":0,"parent":0,"menu_order":0,"comment_status":"closed","ping_status":"closed","template":"","meta":{"footnotes":""},"class_list":["post-1705","page","type-page","status-publish","hentry"],"yoast_head":"<!-- This site is optimized with the Yoast SEO plugin v27.6 - https:\/\/yoast.com\/product\/yoast-seo-wordpress\/ -->\n<title>Cl\u00e9s \/ Pare-brises<\/title>\n<meta name=\"description\" content=\"Reprogrammation de cl\u00e9s de voiture, r\u00e9paration et remplacement de pare-brises : services rapides et fiables.\" \/>\n<meta name=\"robots\" content=\"index, follow, max-snippet:-1, max-image-preview:large, max-video-preview:-1\" \/>\n<link rel=\"canonical\" href=\"https:\/\/www.carrosserie-whow.fr\/?page_id=1705\" \/>\n<meta property=\"og:locale\" content=\"fr_FR\" \/>\n<meta property=\"og:type\" content=\"article\" \/>\n<meta property=\"og:title\" content=\"Cl\u00e9s \/ Pare-brises\" \/>\n<meta property=\"og:description\" content=\"Reprogrammation de cl\u00e9s de voiture, r\u00e9paration et remplacement de pare-brises : services rapides et fiables.\" \/>\n<meta property=\"og:url\" content=\"https:\/\/www.carrosserie-whow.fr\/?page_id=1705\" \/>\n<meta property=\"og:site_name\" content=\"Carrosserie WHOW\" \/>\n<meta property=\"article:publisher\" content=\"https:\/\/www.facebook.com\/WhowDSP\" \/>\n<meta property=\"article:modified_time\" content=\"2025-06-12T15:29:54+00:00\" \/>\n<meta name=\"twitter:card\" content=\"summary_large_image\" \/>\n<meta name=\"twitter:site\" content=\"@Whow_fr\" \/>\n<meta name=\"twitter:label1\" content=\"Dur\u00e9e de lecture estim\u00e9e\" \/>\n\t<meta name=\"twitter:data1\" content=\"3 minutes\" \/>\n<script type=\"application\/ld+json\" class=\"yoast-schema-graph\">{\"@context\":\"https:\\\/\\\/schema.org\",\"@graph\":[{\"@type\":\"WebPage\",\"@id\":\"https:\\\/\\\/www.carrosserie-whow.fr\\\/?page_id=1705\",\"url\":\"https:\\\/\\\/www.carrosserie-whow.fr\\\/?page_id=1705\",\"name\":\"Cl\u00e9s \\\/ Pare-brises\",\"isPartOf\":{\"@id\":\"https:\\\/\\\/www.carrosserie-whow.fr\\\/#website\"},\"datePublished\":\"2024-06-13T08:11:52+00:00\",\"dateModified\":\"2025-06-12T15:29:54+00:00\",\"description\":\"Reprogrammation de cl\u00e9s de voiture, r\u00e9paration et remplacement de pare-brises : services rapides et fiables.\",\"breadcrumb\":{\"@id\":\"https:\\\/\\\/www.carrosserie-whow.fr\\\/?page_id=1705#breadcrumb\"},\"inLanguage\":\"fr-FR\",\"potentialAction\":[{\"@type\":\"ReadAction\",\"target\":[\"https:\\\/\\\/www.carrosserie-whow.fr\\\/?page_id=1705\"]}]},{\"@type\":\"BreadcrumbList\",\"@id\":\"https:\\\/\\\/www.carrosserie-whow.fr\\\/?page_id=1705#breadcrumb\",\"itemListElement\":[{\"@type\":\"ListItem\",\"position\":1,\"name\":\"Accueil\",\"item\":\"https:\\\/\\\/www.carrosserie-whow.fr\\\/\"},{\"@type\":\"ListItem\",\"position\":2,\"name\":\"Cl\u00e9s \\\/ Pare-Brise\"}]},{\"@type\":\"WebSite\",\"@id\":\"https:\\\/\\\/www.carrosserie-whow.fr\\\/#website\",\"url\":\"https:\\\/\\\/www.carrosserie-whow.fr\\\/\",\"name\":\"Carrosserie WHOW\",\"description\":\"\",\"publisher\":{\"@id\":\"https:\\\/\\\/www.carrosserie-whow.fr\\\/#organization\"},\"potentialAction\":[{\"@type\":\"SearchAction\",\"target\":{\"@type\":\"EntryPoint\",\"urlTemplate\":\"https:\\\/\\\/www.carrosserie-whow.fr\\\/?s={search_term_string}\"},\"query-input\":{\"@type\":\"PropertyValueSpecification\",\"valueRequired\":true,\"valueName\":\"search_term_string\"}}],\"inLanguage\":\"fr-FR\"},{\"@type\":\"Organization\",\"@id\":\"https:\\\/\\\/www.carrosserie-whow.fr\\\/#organization\",\"name\":\"Carrosserie WHOW\",\"url\":\"https:\\\/\\\/www.carrosserie-whow.fr\\\/\",\"logo\":{\"@type\":\"ImageObject\",\"inLanguage\":\"fr-FR\",\"@id\":\"https:\\\/\\\/www.carrosserie-whow.fr\\\/#\\\/schema\\\/logo\\\/image\\\/\",\"url\":\"https:\\\/\\\/www.carrosserie-whow.fr\\\/wp-content\\\/uploads\\\/2024\\\/05\\\/IMG_0633.png\",\"contentUrl\":\"https:\\\/\\\/www.carrosserie-whow.fr\\\/wp-content\\\/uploads\\\/2024\\\/05\\\/IMG_0633.png\",\"width\":3508,\"height\":2480,\"caption\":\"Carrosserie WHOW\"},\"image\":{\"@id\":\"https:\\\/\\\/www.carrosserie-whow.fr\\\/#\\\/schema\\\/logo\\\/image\\\/\"},\"sameAs\":[\"https:\\\/\\\/www.facebook.com\\\/WhowDSP\",\"https:\\\/\\\/x.com\\\/Whow_fr\",\"https:\\\/\\\/www.instagram.com\\\/whow.dsp\\\/\"]}]}<\/script>\n<!-- \/ Yoast SEO plugin. -->","yoast_head_json":{"title":"Cl\u00e9s \/ Pare-brises","description":"Reprogrammation de cl\u00e9s de voiture, r\u00e9paration et remplacement de pare-brises : services rapides et fiables.","robots":{"index":"index","follow":"follow","max-snippet":"max-snippet:-1","max-image-preview":"max-image-preview:large","max-video-preview":"max-video-preview:-1"},"canonical":"https:\/\/www.carrosserie-whow.fr\/?page_id=1705","og_locale":"fr_FR","og_type":"article","og_title":"Cl\u00e9s \/ Pare-brises","og_description":"Reprogrammation de cl\u00e9s de voiture, r\u00e9paration et remplacement de pare-brises : services rapides et fiables.","og_url":"https:\/\/www.carrosserie-whow.fr\/?page_id=1705","og_site_name":"Carrosserie WHOW","article_publisher":"https:\/\/www.facebook.com\/WhowDSP","article_modified_time":"2025-06-12T15:29:54+00:00","twitter_card":"summary_large_image","twitter_site":"@Whow_fr","twitter_misc":{"Dur\u00e9e de lecture estim\u00e9e":"3 minutes"},"schema":{"@context":"https:\/\/schema.org","@graph":[{"@type":"WebPage","@id":"https:\/\/www.carrosserie-whow.fr\/?page_id=1705","url":"https:\/\/www.carrosserie-whow.fr\/?page_id=1705","name":"Cl\u00e9s \/ Pare-brises","isPartOf":{"@id":"https:\/\/www.carrosserie-whow.fr\/#website"},"datePublished":"2024-06-13T08:11:52+00:00","dateModified":"2025-06-12T15:29:54+00:00","description":"Reprogrammation de cl\u00e9s de voiture, r\u00e9paration et remplacement de pare-brises : services rapides et fiables.","breadcrumb":{"@id":"https:\/\/www.carrosserie-whow.fr\/?page_id=1705#breadcrumb"},"inLanguage":"fr-FR","potentialAction":[{"@type":"ReadAction","target":["https:\/\/www.carrosserie-whow.fr\/?page_id=1705"]}]},{"@type":"BreadcrumbList","@id":"https:\/\/www.carrosserie-whow.fr\/?page_id=1705#breadcrumb","itemListElement":[{"@type":"ListItem","position":1,"name":"Accueil","item":"https:\/\/www.carrosserie-whow.fr\/"},{"@type":"ListItem","position":2,"name":"Cl\u00e9s \/ Pare-Brise"}]},{"@type":"WebSite","@id":"https:\/\/www.carrosserie-whow.fr\/#website","url":"https:\/\/www.carrosserie-whow.fr\/","name":"Carrosserie WHOW","description":"","publisher":{"@id":"https:\/\/www.carrosserie-whow.fr\/#organization"},"potentialAction":[{"@type":"SearchAction","target":{"@type":"EntryPoint","urlTemplate":"https:\/\/www.carrosserie-whow.fr\/?s={search_term_string}"},"query-input":{"@type":"PropertyValueSpecification","valueRequired":true,"valueName":"search_term_string"}}],"inLanguage":"fr-FR"},{"@type":"Organization","@id":"https:\/\/www.carrosserie-whow.fr\/#organization","name":"Carrosserie WHOW","url":"https:\/\/www.carrosserie-whow.fr\/","logo":{"@type":"ImageObject","inLanguage":"fr-FR","@id":"https:\/\/www.carrosserie-whow.fr\/#\/schema\/logo\/image\/","url":"https:\/\/www.carrosserie-whow.fr\/wp-content\/uploads\/2024\/05\/IMG_0633.png","contentUrl":"https:\/\/www.carrosserie-whow.fr\/wp-content\/uploads\/2024\/05\/IMG_0633.png","width":3508,"height":2480,"caption":"Carrosserie WHOW"},"image":{"@id":"https:\/\/www.carrosserie-whow.fr\/#\/schema\/logo\/image\/"},"sameAs":["https:\/\/www.facebook.com\/WhowDSP","https:\/\/x.com\/Whow_fr","https:\/\/www.instagram.com\/whow.dsp\/"]}]}},"_links":{"self":[{"href":"https:\/\/www.carrosserie-whow.fr\/index.php?rest_route=\/wp\/v2\/pages\/1705","targetHints":{"allow":["GET"]}}],"collection":[{"href":"https:\/\/www.carrosserie-whow.fr\/index.php?rest_route=\/wp\/v2\/pages"}],"about":[{"href":"https:\/\/www.carrosserie-whow.fr\/index.php?rest_route=\/wp\/v2\/types\/page"}],"author":[{"embeddable":true,"href":"https:\/\/www.carrosserie-whow.fr\/index.php?rest_route=\/wp\/v2\/users\/1"}],"replies":[{"embeddable":true,"href":"https:\/\/www.carrosserie-whow.fr\/index.php?rest_route=%2Fwp%2Fv2%2Fcomments&post=1705"}],"version-history":[{"count":13,"href":"https:\/\/www.carrosserie-whow.fr\/index.php?rest_route=\/wp\/v2\/pages\/1705\/revisions"}],"predecessor-version":[{"id":1932,"href":"https:\/\/www.carrosserie-whow.fr\/index.php?rest_route=\/wp\/v2\/pages\/1705\/revisions\/1932"}],"wp:attachment":[{"href":"https:\/\/www.carrosserie-whow.fr\/index.php?rest_route=%2Fwp%2Fv2%2Fmedia&parent=1705"}],"curies":[{"name":"wp","href":"https:\/\/api.w.org\/{rel}","templated":true}]}}