{"id":1709,"date":"2024-06-13T08:12:24","date_gmt":"2024-06-13T08:12:24","guid":{"rendered":"https:\/\/www.carrosserie-whow.fr\/?page_id=1709"},"modified":"2025-07-25T13:14:14","modified_gmt":"2025-07-25T13:14:14","slug":"recrutement","status":"publish","type":"page","link":"https:\/\/www.carrosserie-whow.fr\/?page_id=1709","title":{"rendered":"Recrutement"},"content":{"rendered":"<div class=\"wpb-content-wrapper\"><p>[vc_row][vc_column width=\u00a0\u00bb1\/2&Prime;][vc_custom_heading text=\u00a0\u00bbOffre d\u2019emploi : Carrossier Peintre H\/F \u2013 Montluel (01)\u00a0\u00bb font_container=\u00a0\u00bbtag:h2|text_align:center|color:%23caf816&Prime;][vc_empty_space][vc_column_text]<\/p>\n<p style=\"font-weight: 400; text-align: left;\"><strong>Carrosserie WHOW 01 \u2013 Groupe N\u00e9m\u00e9sis<\/strong><\/p>\n<p style=\"font-weight: 400; text-align: left;\">Vous cherchez plus qu\u2019un simple poste ?<br \/>\nIci, on cherche surtout <strong>une personne<\/strong>, pas seulement un CV.<\/p>\n<p>[\/vc_column_text][vc_column_text]<\/p>\n<p style=\"font-weight: 400; text-align: left;\"><strong>Ce que nous recherchons :<\/strong><\/p>\n<p style=\"font-weight: 400; text-align: left;\">Un ou une <strong>carrossier\u00b7\u00e8re peintre exp\u00e9riment\u00e9\u00b7e<\/strong>,<\/p>\n<ul>\n<li style=\"font-weight: 400; text-align: left;\">qui aime le travail bien fait,<\/li>\n<li style=\"font-weight: 400; text-align: left;\">qui veut \u00e9voluer dans une \u00e9quipe soud\u00e9e,<\/li>\n<li style=\"font-weight: 400; text-align: left;\">et qui cherche une vraie qualit\u00e9 de vie au travail.<\/li>\n<\/ul>\n<p>[\/vc_column_text][vc_column_text]<\/p>\n<p style=\"font-weight: 400;\"><strong>Chez WHOW 01, vous trouverez :<\/strong><\/p>\n<ul>\n<li style=\"font-weight: 400;\">Une <strong>ambiance bienveillante et familiale<\/strong>, o\u00f9 tout le monde se conna\u00eet.<\/li>\n<li style=\"font-weight: 400;\">Des coll\u00e8gues disponibles, une direction \u00e0 l\u2019\u00e9coute.<\/li>\n<li style=\"font-weight: 400;\">Une <strong>organisation souple<\/strong> : semaine de 4 jours possible, emploi du temps adaptable.<\/li>\n<li style=\"font-weight: 400;\">Des conditions de travail propres, organis\u00e9es, et du <strong>mat\u00e9riel r\u00e9cent<\/strong>.<\/li>\n<li style=\"font-weight: 400;\">Une entreprise en plein d\u00e9veloppement, mais qui prend soin de ses \u00e9quipes.<\/li>\n<\/ul>\n<p>[\/vc_column_text][vc_column_text]<\/p>\n<p style=\"font-weight: 400;\"><strong>Vos missions principales :<\/strong><\/p>\n<ul>\n<li style=\"font-weight: 400;\">R\u00e9parer, redresser et pr\u00e9parer les \u00e9l\u00e9ments de carrosserie.<\/li>\n<li style=\"font-weight: 400;\">R\u00e9aliser des finitions peinture de qualit\u00e9.<\/li>\n<li style=\"font-weight: 400;\">Participer activement \u00e0 la bonne dynamique de l\u2019atelier.<\/li>\n<\/ul>\n<p>[\/vc_column_text][vc_column_text]<\/p>\n<p style=\"font-weight: 400;\"><strong>Ce qu\u2019on attend de vous :<\/strong><\/p>\n<ul>\n<li style=\"font-weight: 400;\">Une vraie ma\u00eetrise de votre m\u00e9tier.<\/li>\n<li style=\"font-weight: 400;\">Une <strong>envie de s\u2019investir<\/strong>, de s\u2019entraider, et d\u2019avancer ensemble.<\/li>\n<li style=\"font-weight: 400;\">Le respect des r\u00e8gles de s\u00e9curit\u00e9 et de qualit\u00e9.<\/li>\n<\/ul>\n<p>[\/vc_column_text][vc_column_text]<\/p>\n<p style=\"font-weight: 400;\"><strong>Contrat &amp; conditions :<\/strong><\/p>\n<ul>\n<li style=\"font-weight: 400;\">CDI \u00e0 pourvoir d\u00e8s maintenant<\/li>\n<li style=\"font-weight: 400;\">R\u00e9mun\u00e9ration attractive selon profil<\/li>\n<li style=\"font-weight: 400;\">Semaine de 4 ou 5 jours selon vos besoins<\/li>\n<li style=\"font-weight: 400;\">\u00c9volution possible au sein du groupe WHOW<\/li>\n<\/ul>\n<p>[\/vc_column_text][vc_column_text]<\/p>\n<p style=\"font-weight: 400;\"><strong>Pr\u00eat\u00b7e \u00e0 nous rejoindre ?<\/strong><\/p>\n<p style=\"font-weight: 400;\">Contactez-nous directement ou envoyez votre CV \u00e0 :<br \/>\n<strong><a href=\"mailto:carrosserie@whow01.fr\">carrosserie@whow01.fr<\/a><\/strong><br \/>\n<strong>04.72.88.64.89<\/strong><\/p>\n<p>[\/vc_column_text][\/vc_column][vc_column width=\u00a0\u00bb1\/2&Prime;][vc_empty_space height=\u00a0\u00bb300px\u00a0\u00bb][vc_single_image image=\u00a0\u00bb1935&Prime; img_size=\u00a0\u00bblarge\u00a0\u00bb][\/vc_column][\/vc_row]<\/p>\n<\/div>","protected":false},"excerpt":{"rendered":"<p>[vc_row][vc_column width=\u00a0\u00bb1\/2&Prime;][vc_custom_heading text=\u00a0\u00bbOffre d\u2019emploi : Carrossier Peintre H\/F \u2013 Montluel (01)\u00a0\u00bb font_container=\u00a0\u00bbtag:h2|text_align:center|color:%23caf816&Prime;][vc_empty_space][vc_column_text] Carrosserie WHOW 01 \u2013 Groupe N\u00e9m\u00e9sis Vous cherchez plus qu\u2019un simple poste ? Ici, on cherche surtout une personne, pas seulement un CV. [\/vc_column_text][vc_column_text] Ce que nous recherchons : Un ou une carrossier\u00b7\u00e8re peintre exp\u00e9riment\u00e9\u00b7e, qui aime le travail bien fait, qui veut<\/p>\n","protected":false},"author":1,"featured_media":0,"parent":0,"menu_order":0,"comment_status":"closed","ping_status":"closed","template":"","meta":{"footnotes":""},"class_list":["post-1709","page","type-page","status-publish","hentry"],"yoast_head":"<!-- This site is optimized with the Yoast SEO plugin v27.6 - https:\/\/yoast.com\/product\/yoast-seo-wordpress\/ -->\n<title>Recrutement - Carrosserie WHOW<\/title>\n<meta name=\"robots\" content=\"index, follow, max-snippet:-1, max-image-preview:large, max-video-preview:-1\" \/>\n<link rel=\"canonical\" href=\"https:\/\/www.carrosserie-whow.fr\/?page_id=1709\" \/>\n<meta property=\"og:locale\" content=\"fr_FR\" \/>\n<meta property=\"og:type\" content=\"article\" \/>\n<meta property=\"og:title\" content=\"Recrutement - Carrosserie WHOW\" \/>\n<meta property=\"og:description\" content=\"[vc_row][vc_column width=\u00a0\u00bb1\/2&Prime;][vc_custom_heading text=\u00a0\u00bbOffre d\u2019emploi : Carrossier Peintre H\/F \u2013 Montluel (01)\u00a0\u00bb font_container=\u00a0\u00bbtag:h2|text_align:center|color:%23caf816&Prime;][vc_empty_space][vc_column_text] Carrosserie WHOW 01 \u2013 Groupe N\u00e9m\u00e9sis Vous cherchez plus qu\u2019un simple poste ? Ici, on cherche surtout une personne, pas seulement un CV. [\/vc_column_text][vc_column_text] Ce que nous recherchons : Un ou une carrossier\u00b7\u00e8re peintre exp\u00e9riment\u00e9\u00b7e, qui aime le travail bien fait, qui veut\" \/>\n<meta property=\"og:url\" content=\"https:\/\/www.carrosserie-whow.fr\/?page_id=1709\" \/>\n<meta property=\"og:site_name\" content=\"Carrosserie WHOW\" \/>\n<meta property=\"article:publisher\" content=\"https:\/\/www.facebook.com\/WhowDSP\" \/>\n<meta property=\"article:modified_time\" content=\"2025-07-25T13:14:14+00:00\" \/>\n<meta name=\"twitter:card\" content=\"summary_large_image\" \/>\n<meta name=\"twitter:site\" content=\"@Whow_fr\" \/>\n<meta name=\"twitter:label1\" content=\"Dur\u00e9e de lecture estim\u00e9e\" \/>\n\t<meta name=\"twitter:data1\" content=\"2 minutes\" \/>\n<script type=\"application\/ld+json\" class=\"yoast-schema-graph\">{\"@context\":\"https:\\\/\\\/schema.org\",\"@graph\":[{\"@type\":\"WebPage\",\"@id\":\"https:\\\/\\\/www.carrosserie-whow.fr\\\/?page_id=1709\",\"url\":\"https:\\\/\\\/www.carrosserie-whow.fr\\\/?page_id=1709\",\"name\":\"Recrutement - Carrosserie WHOW\",\"isPartOf\":{\"@id\":\"https:\\\/\\\/www.carrosserie-whow.fr\\\/#website\"},\"datePublished\":\"2024-06-13T08:12:24+00:00\",\"dateModified\":\"2025-07-25T13:14:14+00:00\",\"breadcrumb\":{\"@id\":\"https:\\\/\\\/www.carrosserie-whow.fr\\\/?page_id=1709#breadcrumb\"},\"inLanguage\":\"fr-FR\",\"potentialAction\":[{\"@type\":\"ReadAction\",\"target\":[\"https:\\\/\\\/www.carrosserie-whow.fr\\\/?page_id=1709\"]}]},{\"@type\":\"BreadcrumbList\",\"@id\":\"https:\\\/\\\/www.carrosserie-whow.fr\\\/?page_id=1709#breadcrumb\",\"itemListElement\":[{\"@type\":\"ListItem\",\"position\":1,\"name\":\"Accueil\",\"item\":\"https:\\\/\\\/www.carrosserie-whow.fr\\\/\"},{\"@type\":\"ListItem\",\"position\":2,\"name\":\"Recrutement\"}]},{\"@type\":\"WebSite\",\"@id\":\"https:\\\/\\\/www.carrosserie-whow.fr\\\/#website\",\"url\":\"https:\\\/\\\/www.carrosserie-whow.fr\\\/\",\"name\":\"Carrosserie WHOW\",\"description\":\"\",\"publisher\":{\"@id\":\"https:\\\/\\\/www.carrosserie-whow.fr\\\/#organization\"},\"potentialAction\":[{\"@type\":\"SearchAction\",\"target\":{\"@type\":\"EntryPoint\",\"urlTemplate\":\"https:\\\/\\\/www.carrosserie-whow.fr\\\/?s={search_term_string}\"},\"query-input\":{\"@type\":\"PropertyValueSpecification\",\"valueRequired\":true,\"valueName\":\"search_term_string\"}}],\"inLanguage\":\"fr-FR\"},{\"@type\":\"Organization\",\"@id\":\"https:\\\/\\\/www.carrosserie-whow.fr\\\/#organization\",\"name\":\"Carrosserie WHOW\",\"url\":\"https:\\\/\\\/www.carrosserie-whow.fr\\\/\",\"logo\":{\"@type\":\"ImageObject\",\"inLanguage\":\"fr-FR\",\"@id\":\"https:\\\/\\\/www.carrosserie-whow.fr\\\/#\\\/schema\\\/logo\\\/image\\\/\",\"url\":\"https:\\\/\\\/www.carrosserie-whow.fr\\\/wp-content\\\/uploads\\\/2024\\\/05\\\/IMG_0633.png\",\"contentUrl\":\"https:\\\/\\\/www.carrosserie-whow.fr\\\/wp-content\\\/uploads\\\/2024\\\/05\\\/IMG_0633.png\",\"width\":3508,\"height\":2480,\"caption\":\"Carrosserie WHOW\"},\"image\":{\"@id\":\"https:\\\/\\\/www.carrosserie-whow.fr\\\/#\\\/schema\\\/logo\\\/image\\\/\"},\"sameAs\":[\"https:\\\/\\\/www.facebook.com\\\/WhowDSP\",\"https:\\\/\\\/x.com\\\/Whow_fr\",\"https:\\\/\\\/www.instagram.com\\\/whow.dsp\\\/\"]}]}<\/script>\n<!-- \/ Yoast SEO plugin. -->","yoast_head_json":{"title":"Recrutement - Carrosserie WHOW","robots":{"index":"index","follow":"follow","max-snippet":"max-snippet:-1","max-image-preview":"max-image-preview:large","max-video-preview":"max-video-preview:-1"},"canonical":"https:\/\/www.carrosserie-whow.fr\/?page_id=1709","og_locale":"fr_FR","og_type":"article","og_title":"Recrutement - Carrosserie WHOW","og_description":"[vc_row][vc_column width=\u00a0\u00bb1\/2&Prime;][vc_custom_heading text=\u00a0\u00bbOffre d\u2019emploi : Carrossier Peintre H\/F \u2013 Montluel (01)\u00a0\u00bb font_container=\u00a0\u00bbtag:h2|text_align:center|color:%23caf816&Prime;][vc_empty_space][vc_column_text] Carrosserie WHOW 01 \u2013 Groupe N\u00e9m\u00e9sis Vous cherchez plus qu\u2019un simple poste ? Ici, on cherche surtout une personne, pas seulement un CV. [\/vc_column_text][vc_column_text] Ce que nous recherchons : Un ou une carrossier\u00b7\u00e8re peintre exp\u00e9riment\u00e9\u00b7e, qui aime le travail bien fait, qui veut","og_url":"https:\/\/www.carrosserie-whow.fr\/?page_id=1709","og_site_name":"Carrosserie WHOW","article_publisher":"https:\/\/www.facebook.com\/WhowDSP","article_modified_time":"2025-07-25T13:14:14+00:00","twitter_card":"summary_large_image","twitter_site":"@Whow_fr","twitter_misc":{"Dur\u00e9e de lecture estim\u00e9e":"2 minutes"},"schema":{"@context":"https:\/\/schema.org","@graph":[{"@type":"WebPage","@id":"https:\/\/www.carrosserie-whow.fr\/?page_id=1709","url":"https:\/\/www.carrosserie-whow.fr\/?page_id=1709","name":"Recrutement - Carrosserie WHOW","isPartOf":{"@id":"https:\/\/www.carrosserie-whow.fr\/#website"},"datePublished":"2024-06-13T08:12:24+00:00","dateModified":"2025-07-25T13:14:14+00:00","breadcrumb":{"@id":"https:\/\/www.carrosserie-whow.fr\/?page_id=1709#breadcrumb"},"inLanguage":"fr-FR","potentialAction":[{"@type":"ReadAction","target":["https:\/\/www.carrosserie-whow.fr\/?page_id=1709"]}]},{"@type":"BreadcrumbList","@id":"https:\/\/www.carrosserie-whow.fr\/?page_id=1709#breadcrumb","itemListElement":[{"@type":"ListItem","position":1,"name":"Accueil","item":"https:\/\/www.carrosserie-whow.fr\/"},{"@type":"ListItem","position":2,"name":"Recrutement"}]},{"@type":"WebSite","@id":"https:\/\/www.carrosserie-whow.fr\/#website","url":"https:\/\/www.carrosserie-whow.fr\/","name":"Carrosserie WHOW","description":"","publisher":{"@id":"https:\/\/www.carrosserie-whow.fr\/#organization"},"potentialAction":[{"@type":"SearchAction","target":{"@type":"EntryPoint","urlTemplate":"https:\/\/www.carrosserie-whow.fr\/?s={search_term_string}"},"query-input":{"@type":"PropertyValueSpecification","valueRequired":true,"valueName":"search_term_string"}}],"inLanguage":"fr-FR"},{"@type":"Organization","@id":"https:\/\/www.carrosserie-whow.fr\/#organization","name":"Carrosserie WHOW","url":"https:\/\/www.carrosserie-whow.fr\/","logo":{"@type":"ImageObject","inLanguage":"fr-FR","@id":"https:\/\/www.carrosserie-whow.fr\/#\/schema\/logo\/image\/","url":"https:\/\/www.carrosserie-whow.fr\/wp-content\/uploads\/2024\/05\/IMG_0633.png","contentUrl":"https:\/\/www.carrosserie-whow.fr\/wp-content\/uploads\/2024\/05\/IMG_0633.png","width":3508,"height":2480,"caption":"Carrosserie WHOW"},"image":{"@id":"https:\/\/www.carrosserie-whow.fr\/#\/schema\/logo\/image\/"},"sameAs":["https:\/\/www.facebook.com\/WhowDSP","https:\/\/x.com\/Whow_fr","https:\/\/www.instagram.com\/whow.dsp\/"]}]}},"_links":{"self":[{"href":"https:\/\/www.carrosserie-whow.fr\/index.php?rest_route=\/wp\/v2\/pages\/1709","targetHints":{"allow":["GET"]}}],"collection":[{"href":"https:\/\/www.carrosserie-whow.fr\/index.php?rest_route=\/wp\/v2\/pages"}],"about":[{"href":"https:\/\/www.carrosserie-whow.fr\/index.php?rest_route=\/wp\/v2\/types\/page"}],"author":[{"embeddable":true,"href":"https:\/\/www.carrosserie-whow.fr\/index.php?rest_route=\/wp\/v2\/users\/1"}],"replies":[{"embeddable":true,"href":"https:\/\/www.carrosserie-whow.fr\/index.php?rest_route=%2Fwp%2Fv2%2Fcomments&post=1709"}],"version-history":[{"count":9,"href":"https:\/\/www.carrosserie-whow.fr\/index.php?rest_route=\/wp\/v2\/pages\/1709\/revisions"}],"predecessor-version":[{"id":1936,"href":"https:\/\/www.carrosserie-whow.fr\/index.php?rest_route=\/wp\/v2\/pages\/1709\/revisions\/1936"}],"wp:attachment":[{"href":"https:\/\/www.carrosserie-whow.fr\/index.php?rest_route=%2Fwp%2Fv2%2Fmedia&parent=1709"}],"curies":[{"name":"wp","href":"https:\/\/api.w.org\/{rel}","templated":true}]}}