{"id":1830,"date":"2024-07-10T13:16:46","date_gmt":"2024-07-10T13:16:46","guid":{"rendered":"https:\/\/www.carrosserie-whow.fr\/?page_id=1830"},"modified":"2024-07-10T13:16:47","modified_gmt":"2024-07-10T13:16:47","slug":"politique-de-cookie","status":"publish","type":"page","link":"https:\/\/www.carrosserie-whow.fr\/?page_id=1830","title":{"rendered":"Politique de Cookie"},"content":{"rendered":"\n<h2 class=\"wp-block-heading\">I. CHAMPS D\u2019APPLICATION <\/h2>\n\n\n\n<p>La pr\u00e9sente politique s\u2019applique aux cookies d\u00e9pos\u00e9s sur la messagerie, ainsi que sur les sites internet, sites mobiles, et les applications mobiles \u00e9dit\u00e9s par la carrosserie Whow, tels que que www.carrosserie-whow.fr<\/p>\n\n\n\n<h2 class=\"wp-block-heading\">II. QU\u2019EST CE QU\u2019UN COOKIE ? <\/h2>\n\n\n\n<p>Un cookie est un fichier texte stock\u00e9 par votre navigateur sur un espace d\u00e9di\u00e9 du disque dur de votre terminal lorsque vous consultez un site internet. Son \u00e9metteur peut ainsi identifier le terminal o\u00f9 il est d\u00e9pos\u00e9 pendant sa dur\u00e9e de validit\u00e9 et conserver en m\u00e9moire certaines informations concernant votre parcours. Ces informations permettent notamment de simplifier votre navigation sur les sites internet ou de vous proposer des contenus adapt\u00e9s \u00e0 vos centres d&rsquo;int\u00e9r\u00eats.<\/p>\n\n\n\n<h2 class=\"wp-block-heading\">III. POURQUOI LA CARROSSERIE WHOW UTILISE-T-ELLE DES COOKIES ? <\/h2>\n\n\n\n<p>La Carrosserie Whow utilise des cookies pour vous fournir une exp\u00e9rience utilisateur optimale et adapt\u00e9e \u00e0 vos pr\u00e9f\u00e9rences personnelles. En utilisant les cookies, la Carrosserie Whow vous \u00e9vite de ressaisir les m\u00eames informations \u00e0 chaque fois que vous visitez nos Sites internet. Les cookies sont \u00e9galement utilis\u00e9s pour optimiser la performance de nos sites internet, sites mobiles et applications mobiles. A titre d\u2019exemple, ils facilitent votre navigation et vous aident \u00e0 trouver un contenu sp\u00e9cifique plus rapidement.<\/p>\n\n\n\n<h2 class=\"wp-block-heading\">IV. QUELS SONT LES TYPES DE COOKIES UTILIS\u00c9S SUR NOS SITES ?<\/h2>\n\n\n\n<h3 class=\"wp-block-heading\"><strong>Les cookies techniques et de navigation<\/strong><\/h3>\n\n\n\n<p>Ces cookies sont d\u00e9pos\u00e9s sur l\u2019ensemble de nos sites internet, sites mobiles et applications mobiles. Ils facilitent votre navigation entre les pages de nos sites et applications et sont \u00e9galement n\u00e9cessaires pour vous permettre de b\u00e9n\u00e9ficier de certaines fonctionnalit\u00e9s de nos sites et\/ou de nos services, et expirent automatiquement lorsque vous fermez votre navigateur. Si vous avez choisi de d\u00e9sactiver ces cookies via votre navigateur internet, l\u2019acc\u00e8s \u00e0 nos services pourrait alors se r\u00e9v\u00e9ler alt\u00e9r\u00e9. Nous vous conseillons donc de les laisser actifs pour profiter pleinement de nos services et de votre navigation sur nos sites et applications.<\/p>\n\n\n\n<h3 class=\"wp-block-heading\"><strong>Le cookie de mesure d\u2019audience et de suivi de navigation<\/strong><\/h3>\n\n\n\n<p>Ce cookie est d\u00e9pos\u00e9 sur l\u2019ensemble de nos sites internet, sites mobiles et applications mobiles. Il permet de collecter des donn\u00e9es statistiques anonymes de fr\u00e9quentation de nos sites et applications afin d\u2019am\u00e9liorer leur ergonomie. Vous pouvez le d\u00e9sactiver depuis la rubrique ci-dessous \u00ab\u00a0Comment g\u00e9rer le d\u00e9p\u00f4t et la lecture des cookies ?\u00a0\u00bb.<\/p>\n\n\n\n<h3 class=\"wp-block-heading\">Les cookies de publicit\u00e9 cibl\u00e9e<\/h3>\n\n\n\n<p>Ces cookies sont d\u00e9pos\u00e9s par notre r\u00e9gie publicitaire ou par des tiers (r\u00e9gies publicitaires ou annonceurs), sur le site www.carrosserie-whow.fr. Ils permettent de vous proposer des publicit\u00e9s adapt\u00e9es \u00e0 vos centres d&rsquo;int\u00e9r\u00eats. Vous avez la possibilit\u00e9 d\u2019accepter ou de refuser ces cookies soit depuis la rubrique ci-dessous \u00ab Comment g\u00e9rer le d\u00e9p\u00f4t et la lecture des cookies ? \u00bb pour les cookies d\u00e9pos\u00e9s par La Poste soit, pour les autres cookies, en consultant les politiques de confidentialit\u00e9 propres aux r\u00e9gies publicitaires tierces ou aux annonceurs.<\/p>\n\n\n\n<h3 class=\"wp-block-heading\">Les cookies de bouton de partage sur les r\u00e9seaux sociaux<\/h3>\n\n\n\n<p>Ces cookies sont susceptibles d\u2019\u00eatre d\u00e9pos\u00e9s sur votre terminal par des sites de r\u00e9seaux sociaux. Ils permettent le partage de contenus de nos services.<\/p>\n\n\n\n<p>Nous ne pouvons contr\u00f4ler ces cookies et les donn\u00e9es r\u00e9colt\u00e9es par les r\u00e9seaux sociaux. Pour plus d\u2019informations sur ces cookies, nous vous invitons \u00e0 consulter les politiques de confidentialit\u00e9 propres \u00e0 chacun de ces sites de r\u00e9seaux sociaux.<\/p>\n\n\n\n<p>Les donn\u00e9es collect\u00e9es par le biais de ces cookies sont exploit\u00e9es par Whow, sa r\u00e9gie publicitaire et les tiers conform\u00e9ment \u00e0 leurs finalit\u00e9s.<\/p>\n\n\n\n<h2 class=\"wp-block-heading\">V.\u00a0QUELLE EST LA DUR\u00c9E DE CONSERVATION DES COOKIES ?<\/h2>\n\n\n\n<p>Les cookies de publicit\u00e9 cibl\u00e9e et de mesure d\u2019audience d\u00e9pos\u00e9s directement ou indirectement par La Poste ont une dur\u00e9e de validit\u00e9 de 13 mois maximum. Votre consentement sera de nouveau sollicit\u00e9 \u00e0 l\u2019issu de ce d\u00e9lai par l\u2019affichage du bandeau d\u2019information.<\/p>\n\n\n\n<h2 class=\"wp-block-heading\">VI.\u00a0\u00a0COMMENT G\u00c9RER LE D\u00c9P\u00d4T ET LA LECTURE DES COOKIES <\/h2>\n\n\n\n<p>Pour les cookies nous permettant de vous proposer de contenus adapt\u00e9s \u00e0 vos centres d\u2019int\u00e9r\u00eats:<br>Concernant le cookie Module de Gestion de Compte utilis\u00e9 pour notre r\u00e9gie publicitaire par utilisateur du Webmail et laposte.fr. Vous avez la possibilit\u00e9 d\u2019accepter ou de refuser ces cookies directement depuis notre site en exprimant votre choix.<\/p>\n\n\n\n<p>L&rsquo;option s\u00e9lectionn\u00e9e ci-dessous sera automatiquement prise en compte :<\/p>\n\n\n\n<p>Manage cookies<\/p>\n\n\n\n<p>&nbsp;Oui&nbsp;&nbsp; Non<\/p>\n\n\n\n<p>Pour les autres cookies :<\/p>\n\n\n\n<p>http:\/\/www.weborama.com\/fr\/e-privacy\/our-commitment<\/p>\n\n\n\n<p>Pour les cookies nous permettant de suivre votre navigation et de r\u00e9aliser des statistiques des visites:<\/p>\n\n\n\n<p>Vous avez la possibilit\u00e9 d\u2019accepter ou de refuser ces cookies directement depuis le site ci-dessous :<\/p>\n\n\n\n<p>http:\/\/www.xiti.com\/fr\/optout.aspx<\/p>\n\n\n\n<p>Vous pouvez \u00e9galement d\u00e9sactiver tout type de cookies depuis votre navigateur ou, pour les cookies de publicit\u00e9 cibl\u00e9e d\u00e9pos\u00e9s par des sites tiers, directement depuis la plateforme Youronlinechoices<\/p>\n\n\n\n<p>Depuis votre navigateur :<\/p>\n\n\n\n<p>1- Sous Internet Explorer :<\/p>\n\n\n\n<p>Cliquez sur Outils dans la partie sup\u00e9rieure de la fen\u00eatre du navigateur et s\u00e9lectionnez Options Internet.<\/p>\n\n\n\n<p>Dans la fen\u00eatre des options, cliquez sur l&rsquo;onglet Confidentialit\u00e9.<\/p>\n\n\n\n<p>Pour d\u00e9sactiver les cookies, placez le curseur tout en haut afin de bloquer tous les cookies.<\/p>\n\n\n\n<p>Pour plus d\u2019informations :<\/p>\n\n\n\n<p>http:\/\/windows.microsoft.com\/fr-FR\/windows-vista\/Block-or-allow-cookies<\/p>\n\n\n\n<p>2- Sous Firefox :<\/p>\n\n\n\n<p>Cliquez sur Outils dans le menu du navigateur et s\u00e9lectionnez Options.<\/p>\n\n\n\n<p>S\u00e9lectionnez le volet Vie priv\u00e9e.<\/p>\n\n\n\n<p>Pour d\u00e9sactiver les cookies, d\u00e9s\u00e9lectionnez la case Accepter les cookies du Site.<\/p>\n\n\n\n<p>Pour plus d\u2019informations :<\/p>\n\n\n\n<p>http:\/\/support.mozilla.org\/fr\/kb\/Activer%20et%20d%C3%A9sactiver%20les%20cookies<\/p>\n\n\n\n<p>3- Sous Google Chrome :<\/p>\n\n\n\n<p>Cliquez sur le menu Chrome dans la barre d&rsquo;outils du navigateur.<\/p>\n\n\n\n<p>S\u00e9lectionnez l&rsquo;option Param\u00e8tres.<\/p>\n\n\n\n<p>Cliquez sur Afficher les param\u00e8tres avanc\u00e9s.<\/p>\n\n\n\n<p>Dans la section Confidentialit\u00e9, cliquez sur le bouton Param\u00e8tres de contenu, Cookie et donn\u00e9es de site. Vous avez ensuite la possibilit\u00e9 de tous les supprimer ou de les s\u00e9lectionner un par un.<\/p>\n\n\n\n<p>Pour plus d\u2019informations :<\/p>\n\n\n\n<p>https:\/\/support.google.com\/chrome\/answer\/95647?hl=fr&#038;hlrm=en<\/p>\n\n\n\n<p>4- Sous Safari :<\/p>\n\n\n\n<p>Allez \u00e0 R\u00e9glages &gt; Safari &gt; Effacer les cookies et les donn\u00e9es.<\/p>\n\n\n\n<p>Pour plus d\u2019informations :<\/p>\n\n\n\n<p>http:\/\/support.apple.com\/kb\/HT1677?viewlocale=fr_FR<\/p>\n\n\n\n<p>5- Sous Opera :<\/p>\n\n\n\n<p>Allez \u00e0 Pr\u00e9f\u00e9rences &gt; Avanc\u00e9 &gt; Cookies<\/p>\n\n\n\n<p>Pour plus d\u2019informations : http:\/\/help.opera.com\/Windows\/10.20\/fr\/cookies.html<\/p>\n","protected":false},"excerpt":{"rendered":"<p>I. CHAMPS D\u2019APPLICATION La pr\u00e9sente politique s\u2019applique aux cookies d\u00e9pos\u00e9s sur la messagerie, ainsi que sur les sites internet, sites mobiles, et les applications mobiles \u00e9dit\u00e9s par la carrosserie Whow, tels que que www.carrosserie-whow.fr II. QU\u2019EST CE QU\u2019UN COOKIE ? Un cookie est un fichier texte stock\u00e9 par votre navigateur sur un espace d\u00e9di\u00e9 du<\/p>\n","protected":false},"author":1,"featured_media":0,"parent":0,"menu_order":0,"comment_status":"closed","ping_status":"closed","template":"","meta":{"footnotes":""},"class_list":["post-1830","page","type-page","status-publish","hentry"],"yoast_head":"<!-- This site is optimized with the Yoast SEO plugin v27.6 - https:\/\/yoast.com\/product\/yoast-seo-wordpress\/ -->\n<title>Politique de Cookie - Carrosserie WHOW<\/title>\n<meta name=\"robots\" content=\"index, follow, max-snippet:-1, max-image-preview:large, max-video-preview:-1\" \/>\n<link rel=\"canonical\" href=\"https:\/\/www.carrosserie-whow.fr\/?page_id=1830\" \/>\n<meta property=\"og:locale\" content=\"fr_FR\" \/>\n<meta property=\"og:type\" content=\"article\" \/>\n<meta property=\"og:title\" content=\"Politique de Cookie - Carrosserie WHOW\" \/>\n<meta property=\"og:description\" content=\"I. CHAMPS D\u2019APPLICATION La pr\u00e9sente politique s\u2019applique aux cookies d\u00e9pos\u00e9s sur la messagerie, ainsi que sur les sites internet, sites mobiles, et les applications mobiles \u00e9dit\u00e9s par la carrosserie Whow, tels que que www.carrosserie-whow.fr II. QU\u2019EST CE QU\u2019UN COOKIE ? Un cookie est un fichier texte stock\u00e9 par votre navigateur sur un espace d\u00e9di\u00e9 du\" \/>\n<meta property=\"og:url\" content=\"https:\/\/www.carrosserie-whow.fr\/?page_id=1830\" \/>\n<meta property=\"og:site_name\" content=\"Carrosserie WHOW\" \/>\n<meta property=\"article:publisher\" content=\"https:\/\/www.facebook.com\/WhowDSP\" \/>\n<meta property=\"article:modified_time\" content=\"2024-07-10T13:16:47+00:00\" \/>\n<meta name=\"twitter:card\" content=\"summary_large_image\" \/>\n<meta name=\"twitter:site\" content=\"@Whow_fr\" \/>\n<meta name=\"twitter:label1\" content=\"Dur\u00e9e de lecture estim\u00e9e\" \/>\n\t<meta name=\"twitter:data1\" content=\"6 minutes\" \/>\n<script type=\"application\/ld+json\" class=\"yoast-schema-graph\">{\"@context\":\"https:\\\/\\\/schema.org\",\"@graph\":[{\"@type\":\"WebPage\",\"@id\":\"https:\\\/\\\/www.carrosserie-whow.fr\\\/?page_id=1830\",\"url\":\"https:\\\/\\\/www.carrosserie-whow.fr\\\/?page_id=1830\",\"name\":\"Politique de Cookie - Carrosserie WHOW\",\"isPartOf\":{\"@id\":\"https:\\\/\\\/www.carrosserie-whow.fr\\\/#website\"},\"datePublished\":\"2024-07-10T13:16:46+00:00\",\"dateModified\":\"2024-07-10T13:16:47+00:00\",\"breadcrumb\":{\"@id\":\"https:\\\/\\\/www.carrosserie-whow.fr\\\/?page_id=1830#breadcrumb\"},\"inLanguage\":\"fr-FR\",\"potentialAction\":[{\"@type\":\"ReadAction\",\"target\":[\"https:\\\/\\\/www.carrosserie-whow.fr\\\/?page_id=1830\"]}]},{\"@type\":\"BreadcrumbList\",\"@id\":\"https:\\\/\\\/www.carrosserie-whow.fr\\\/?page_id=1830#breadcrumb\",\"itemListElement\":[{\"@type\":\"ListItem\",\"position\":1,\"name\":\"Accueil\",\"item\":\"https:\\\/\\\/www.carrosserie-whow.fr\\\/\"},{\"@type\":\"ListItem\",\"position\":2,\"name\":\"Politique de Cookie\"}]},{\"@type\":\"WebSite\",\"@id\":\"https:\\\/\\\/www.carrosserie-whow.fr\\\/#website\",\"url\":\"https:\\\/\\\/www.carrosserie-whow.fr\\\/\",\"name\":\"Carrosserie WHOW\",\"description\":\"\",\"publisher\":{\"@id\":\"https:\\\/\\\/www.carrosserie-whow.fr\\\/#organization\"},\"potentialAction\":[{\"@type\":\"SearchAction\",\"target\":{\"@type\":\"EntryPoint\",\"urlTemplate\":\"https:\\\/\\\/www.carrosserie-whow.fr\\\/?s={search_term_string}\"},\"query-input\":{\"@type\":\"PropertyValueSpecification\",\"valueRequired\":true,\"valueName\":\"search_term_string\"}}],\"inLanguage\":\"fr-FR\"},{\"@type\":\"Organization\",\"@id\":\"https:\\\/\\\/www.carrosserie-whow.fr\\\/#organization\",\"name\":\"Carrosserie WHOW\",\"url\":\"https:\\\/\\\/www.carrosserie-whow.fr\\\/\",\"logo\":{\"@type\":\"ImageObject\",\"inLanguage\":\"fr-FR\",\"@id\":\"https:\\\/\\\/www.carrosserie-whow.fr\\\/#\\\/schema\\\/logo\\\/image\\\/\",\"url\":\"https:\\\/\\\/www.carrosserie-whow.fr\\\/wp-content\\\/uploads\\\/2024\\\/05\\\/IMG_0633.png\",\"contentUrl\":\"https:\\\/\\\/www.carrosserie-whow.fr\\\/wp-content\\\/uploads\\\/2024\\\/05\\\/IMG_0633.png\",\"width\":3508,\"height\":2480,\"caption\":\"Carrosserie WHOW\"},\"image\":{\"@id\":\"https:\\\/\\\/www.carrosserie-whow.fr\\\/#\\\/schema\\\/logo\\\/image\\\/\"},\"sameAs\":[\"https:\\\/\\\/www.facebook.com\\\/WhowDSP\",\"https:\\\/\\\/x.com\\\/Whow_fr\",\"https:\\\/\\\/www.instagram.com\\\/whow.dsp\\\/\"]}]}<\/script>\n<!-- \/ Yoast SEO plugin. -->","yoast_head_json":{"title":"Politique de Cookie - Carrosserie WHOW","robots":{"index":"index","follow":"follow","max-snippet":"max-snippet:-1","max-image-preview":"max-image-preview:large","max-video-preview":"max-video-preview:-1"},"canonical":"https:\/\/www.carrosserie-whow.fr\/?page_id=1830","og_locale":"fr_FR","og_type":"article","og_title":"Politique de Cookie - Carrosserie WHOW","og_description":"I. CHAMPS D\u2019APPLICATION La pr\u00e9sente politique s\u2019applique aux cookies d\u00e9pos\u00e9s sur la messagerie, ainsi que sur les sites internet, sites mobiles, et les applications mobiles \u00e9dit\u00e9s par la carrosserie Whow, tels que que www.carrosserie-whow.fr II. QU\u2019EST CE QU\u2019UN COOKIE ? Un cookie est un fichier texte stock\u00e9 par votre navigateur sur un espace d\u00e9di\u00e9 du","og_url":"https:\/\/www.carrosserie-whow.fr\/?page_id=1830","og_site_name":"Carrosserie WHOW","article_publisher":"https:\/\/www.facebook.com\/WhowDSP","article_modified_time":"2024-07-10T13:16:47+00:00","twitter_card":"summary_large_image","twitter_site":"@Whow_fr","twitter_misc":{"Dur\u00e9e de lecture estim\u00e9e":"6 minutes"},"schema":{"@context":"https:\/\/schema.org","@graph":[{"@type":"WebPage","@id":"https:\/\/www.carrosserie-whow.fr\/?page_id=1830","url":"https:\/\/www.carrosserie-whow.fr\/?page_id=1830","name":"Politique de Cookie - Carrosserie WHOW","isPartOf":{"@id":"https:\/\/www.carrosserie-whow.fr\/#website"},"datePublished":"2024-07-10T13:16:46+00:00","dateModified":"2024-07-10T13:16:47+00:00","breadcrumb":{"@id":"https:\/\/www.carrosserie-whow.fr\/?page_id=1830#breadcrumb"},"inLanguage":"fr-FR","potentialAction":[{"@type":"ReadAction","target":["https:\/\/www.carrosserie-whow.fr\/?page_id=1830"]}]},{"@type":"BreadcrumbList","@id":"https:\/\/www.carrosserie-whow.fr\/?page_id=1830#breadcrumb","itemListElement":[{"@type":"ListItem","position":1,"name":"Accueil","item":"https:\/\/www.carrosserie-whow.fr\/"},{"@type":"ListItem","position":2,"name":"Politique de Cookie"}]},{"@type":"WebSite","@id":"https:\/\/www.carrosserie-whow.fr\/#website","url":"https:\/\/www.carrosserie-whow.fr\/","name":"Carrosserie WHOW","description":"","publisher":{"@id":"https:\/\/www.carrosserie-whow.fr\/#organization"},"potentialAction":[{"@type":"SearchAction","target":{"@type":"EntryPoint","urlTemplate":"https:\/\/www.carrosserie-whow.fr\/?s={search_term_string}"},"query-input":{"@type":"PropertyValueSpecification","valueRequired":true,"valueName":"search_term_string"}}],"inLanguage":"fr-FR"},{"@type":"Organization","@id":"https:\/\/www.carrosserie-whow.fr\/#organization","name":"Carrosserie WHOW","url":"https:\/\/www.carrosserie-whow.fr\/","logo":{"@type":"ImageObject","inLanguage":"fr-FR","@id":"https:\/\/www.carrosserie-whow.fr\/#\/schema\/logo\/image\/","url":"https:\/\/www.carrosserie-whow.fr\/wp-content\/uploads\/2024\/05\/IMG_0633.png","contentUrl":"https:\/\/www.carrosserie-whow.fr\/wp-content\/uploads\/2024\/05\/IMG_0633.png","width":3508,"height":2480,"caption":"Carrosserie WHOW"},"image":{"@id":"https:\/\/www.carrosserie-whow.fr\/#\/schema\/logo\/image\/"},"sameAs":["https:\/\/www.facebook.com\/WhowDSP","https:\/\/x.com\/Whow_fr","https:\/\/www.instagram.com\/whow.dsp\/"]}]}},"_links":{"self":[{"href":"https:\/\/www.carrosserie-whow.fr\/index.php?rest_route=\/wp\/v2\/pages\/1830","targetHints":{"allow":["GET"]}}],"collection":[{"href":"https:\/\/www.carrosserie-whow.fr\/index.php?rest_route=\/wp\/v2\/pages"}],"about":[{"href":"https:\/\/www.carrosserie-whow.fr\/index.php?rest_route=\/wp\/v2\/types\/page"}],"author":[{"embeddable":true,"href":"https:\/\/www.carrosserie-whow.fr\/index.php?rest_route=\/wp\/v2\/users\/1"}],"replies":[{"embeddable":true,"href":"https:\/\/www.carrosserie-whow.fr\/index.php?rest_route=%2Fwp%2Fv2%2Fcomments&post=1830"}],"version-history":[{"count":1,"href":"https:\/\/www.carrosserie-whow.fr\/index.php?rest_route=\/wp\/v2\/pages\/1830\/revisions"}],"predecessor-version":[{"id":1831,"href":"https:\/\/www.carrosserie-whow.fr\/index.php?rest_route=\/wp\/v2\/pages\/1830\/revisions\/1831"}],"wp:attachment":[{"href":"https:\/\/www.carrosserie-whow.fr\/index.php?rest_route=%2Fwp%2Fv2%2Fmedia&parent=1830"}],"curies":[{"name":"wp","href":"https:\/\/api.w.org\/{rel}","templated":true}]}}