{"id":1988,"date":"2026-02-10T14:47:19","date_gmt":"2026-02-10T14:47:19","guid":{"rendered":"https:\/\/www.carrosserie-whow.fr\/?page_id=1988"},"modified":"2026-02-10T14:47:19","modified_gmt":"2026-02-10T14:47:19","slug":"autres-services","status":"publish","type":"page","link":"https:\/\/www.carrosserie-whow.fr\/?page_id=1988","title":{"rendered":"Autres Services"},"content":{"rendered":"<div class=\"wpb-content-wrapper\"><p>[vc_row][vc_column][vc_custom_heading text=\u00a0\u00bbAutres Services\u00a0\u00bb font_container=\u00a0\u00bbtag:h2|font_size:50|text_align:center|color:%23caf816&Prime;][vc_empty_space][vc_column_text]<\/p>\n<p class=\"p1\">\u00c0 la Carrosserie Whow, notre mission est d\u2019offrir \u00e0 chaque v\u00e9hicule des prestations compl\u00e8tes et adapt\u00e9es qui vont au-del\u00e0 de la carrosserie traditionnelle. Sur cette page, d\u00e9couvrez l\u2019ensemble des services compl\u00e9mentaires que nous proposons pour optimiser l\u2019esth\u00e9tique, la s\u00e9curit\u00e9 et la valeur de votre v\u00e9hicule. Chaque service est r\u00e9alis\u00e9 par nos techniciens qualifi\u00e9s avec professionnalisme, r\u00e9activit\u00e9 et souci du d\u00e9tail.<\/p>\n<p>[\/vc_column_text][vc_empty_space height=\u00a0\u00bb64px\u00a0\u00bb][\/vc_column][\/vc_row][vc_row][vc_column width=\u00a0\u00bb1\/2&Prime;][vc_empty_space height=\u00a0\u00bb96px\u00a0\u00bb][vc_single_image image=\u00a0\u00bb1993&Prime; alignment=\u00a0\u00bbcenter\u00a0\u00bb][\/vc_column][vc_column width=\u00a0\u00bb1\/2&Prime;][vc_column_text]<\/p>\n<p class=\"p1\">La technique du <span class=\"s1\">DSP (D\u00e9bosselage Sans Peinture)<\/span> est une de nos sp\u00e9cialit\u00e9s : une m\u00e9thode de r\u00e9paration efficace qui permet de redonner forme \u00e0 la carrosserie sans passer par une mise en peinture.<\/p>\n<p class=\"p1\">Que ce soit pour des bosses l\u00e9g\u00e8res, des impacts de gr\u00eale ou des coups du quotidien, cette approche permet de restaurer l\u2019aspect d\u2019origine du v\u00e9hicule tout en r\u00e9duisant les co\u00fbts, le d\u00e9lai d\u2019immobilisation et l\u2019impact environnemental.<\/p>\n<p>[\/vc_column_text][vc_empty_space]<a class=\"more\" href=\"https:\/\/www.carrosserie-whow.fr\/?page_id=1703\" title=\"D\u00e9bosselage Sans Peinture\"><span>D\u00e9bosselage Sans Peinture<\/span><\/a>[\/vc_column][\/vc_row][vc_row][vc_column][vc_empty_space height=\u00a0\u00bb64px\u00a0\u00bb][\/vc_column][\/vc_row][vc_row][vc_column width=\u00a0\u00bb1\/2&Prime;][vc_empty_space height=\u00a0\u00bb96px\u00a0\u00bb][vc_single_image image=\u00a0\u00bb1994&Prime; alignment=\u00a0\u00bbcenter\u00a0\u00bb][\/vc_column][vc_column width=\u00a0\u00bb1\/2&Prime;][vc_column_text]<\/p>\n<p class=\"p1\">Redonnez vie \u00e0 l\u2019int\u00e9rieur de votre v\u00e9hicule gr\u00e2ce \u00e0 nos services de r\u00e9novation int\u00e9rieure.<b><\/b><\/p>\n<p class=\"p2\">Nous intervenons sur les si\u00e8ges, garnitures et tableau de bord afin de corriger usures, griffures, d\u00e9chirures et autres d\u00e9fauts esth\u00e9tiques.<\/p>\n<p class=\"p2\">Gr\u00e2ce \u00e0 des techniques sp\u00e9cifiques \u00e0 chaque mat\u00e9riau (cuir, tissu, plastique), nos techniciens restaurent l&rsquo;int\u00e9rieur de votre v\u00e9hicule pour lui rendre son apparence et sa valeur d\u2019origine.<\/p>\n<p>[\/vc_column_text][vc_empty_space]<a class=\"more\" href=\"\" title=\"R\u00e9novations int\u00e9rieurs\"><span>R\u00e9novations int\u00e9rieurs<\/span><\/a>[\/vc_column][\/vc_row][vc_row][vc_column][vc_empty_space height=\u00a0\u00bb64px\u00a0\u00bb][\/vc_column][\/vc_row][vc_row][vc_column width=\u00a0\u00bb1\/2&Prime;][vc_empty_space height=\u00a0\u00bb96px\u00a0\u00bb][vc_single_image image=\u00a0\u00bb1837&Prime; alignment=\u00a0\u00bbcenter\u00a0\u00bb][\/vc_column][vc_column width=\u00a0\u00bb1\/2&Prime;][vc_column_text]<\/p>\n<p class=\"p1\">Nous proposons un service complet pour vos cl\u00e9s de voiture : reproduction et reprogrammation. Gr\u00e2ce \u00e0 des outils adapt\u00e9s et un vrai savoir-faire technique, nous r\u00e9alisons chaque intervention rapidement, avec pr\u00e9cision, pour vous fournir une cl\u00e9 fonctionnelle et parfaitement s\u00e9curis\u00e9e.<\/p>\n<p class=\"p1\">Nous intervenons \u00e9galement sur les pare-brise, qu\u2019il s\u2019agisse d\u2019une simple r\u00e9paration d\u2019impact ou d\u2019un remplacement complet. Selon l\u2019\u00e9tat du vitrage, nous r\u00e9parons par injection de r\u00e9sine lorsque c\u2019est possible, ou proc\u00e9dons au changement du pare-brise si la fissure compromet la s\u00e9curit\u00e9. Dans tous les cas, nous garantissons une intervention soign\u00e9e, durable et conforme aux exigences de visibilit\u00e9 et de s\u00e9curit\u00e9.<\/p>\n<p>[\/vc_column_text][vc_empty_space]<a class=\"more\" href=\"https:\/\/www.carrosserie-whow.fr\/?page_id=1705\" title=\"Cl\u00e9s - Pare Brise\"><span>Cl\u00e9s - Pare Brise<\/span><\/a>[\/vc_column][\/vc_row]<\/p>\n<\/div>","protected":false},"excerpt":{"rendered":"<p>[vc_row][vc_column][vc_custom_heading text=\u00a0\u00bbAutres Services\u00a0\u00bb font_container=\u00a0\u00bbtag:h2|font_size:50|text_align:center|color:%23caf816&Prime;][vc_empty_space][vc_column_text] \u00c0 la Carrosserie Whow, notre mission est d\u2019offrir \u00e0 chaque v\u00e9hicule des prestations compl\u00e8tes et adapt\u00e9es qui vont au-del\u00e0 de la carrosserie traditionnelle. Sur cette page, d\u00e9couvrez l\u2019ensemble des services compl\u00e9mentaires que nous proposons pour optimiser l\u2019esth\u00e9tique, la s\u00e9curit\u00e9 et la valeur de votre v\u00e9hicule. Chaque service est r\u00e9alis\u00e9 par nos<\/p>\n","protected":false},"author":1,"featured_media":0,"parent":0,"menu_order":0,"comment_status":"closed","ping_status":"closed","template":"","meta":{"footnotes":""},"class_list":["post-1988","page","type-page","status-publish","hentry"],"yoast_head":"<!-- This site is optimized with the Yoast SEO plugin v27.6 - https:\/\/yoast.com\/product\/yoast-seo-wordpress\/ -->\n<title>Autres Services - Carrosserie WHOW<\/title>\n<meta name=\"robots\" content=\"index, follow, max-snippet:-1, max-image-preview:large, max-video-preview:-1\" \/>\n<link rel=\"canonical\" href=\"https:\/\/www.carrosserie-whow.fr\/?page_id=1988\" \/>\n<meta property=\"og:locale\" content=\"fr_FR\" \/>\n<meta property=\"og:type\" content=\"article\" \/>\n<meta property=\"og:title\" content=\"Autres Services - Carrosserie WHOW\" \/>\n<meta property=\"og:description\" content=\"[vc_row][vc_column][vc_custom_heading text=\u00a0\u00bbAutres Services\u00a0\u00bb font_container=\u00a0\u00bbtag:h2|font_size:50|text_align:center|color:%23caf816&Prime;][vc_empty_space][vc_column_text] \u00c0 la Carrosserie Whow, notre mission est d\u2019offrir \u00e0 chaque v\u00e9hicule des prestations compl\u00e8tes et adapt\u00e9es qui vont au-del\u00e0 de la carrosserie traditionnelle. Sur cette page, d\u00e9couvrez l\u2019ensemble des services compl\u00e9mentaires que nous proposons pour optimiser l\u2019esth\u00e9tique, la s\u00e9curit\u00e9 et la valeur de votre v\u00e9hicule. Chaque service est r\u00e9alis\u00e9 par nos\" \/>\n<meta property=\"og:url\" content=\"https:\/\/www.carrosserie-whow.fr\/?page_id=1988\" \/>\n<meta property=\"og:site_name\" content=\"Carrosserie WHOW\" \/>\n<meta property=\"article:publisher\" content=\"https:\/\/www.facebook.com\/WhowDSP\" \/>\n<meta name=\"twitter:card\" content=\"summary_large_image\" \/>\n<meta name=\"twitter:site\" content=\"@Whow_fr\" \/>\n<meta name=\"twitter:label1\" content=\"Dur\u00e9e de lecture estim\u00e9e\" \/>\n\t<meta name=\"twitter:data1\" content=\"3 minutes\" \/>\n<script type=\"application\/ld+json\" class=\"yoast-schema-graph\">{\"@context\":\"https:\\\/\\\/schema.org\",\"@graph\":[{\"@type\":\"WebPage\",\"@id\":\"https:\\\/\\\/www.carrosserie-whow.fr\\\/?page_id=1988\",\"url\":\"https:\\\/\\\/www.carrosserie-whow.fr\\\/?page_id=1988\",\"name\":\"Autres Services - Carrosserie WHOW\",\"isPartOf\":{\"@id\":\"https:\\\/\\\/www.carrosserie-whow.fr\\\/#website\"},\"datePublished\":\"2026-02-10T14:47:19+00:00\",\"breadcrumb\":{\"@id\":\"https:\\\/\\\/www.carrosserie-whow.fr\\\/?page_id=1988#breadcrumb\"},\"inLanguage\":\"fr-FR\",\"potentialAction\":[{\"@type\":\"ReadAction\",\"target\":[\"https:\\\/\\\/www.carrosserie-whow.fr\\\/?page_id=1988\"]}]},{\"@type\":\"BreadcrumbList\",\"@id\":\"https:\\\/\\\/www.carrosserie-whow.fr\\\/?page_id=1988#breadcrumb\",\"itemListElement\":[{\"@type\":\"ListItem\",\"position\":1,\"name\":\"Accueil\",\"item\":\"https:\\\/\\\/www.carrosserie-whow.fr\\\/\"},{\"@type\":\"ListItem\",\"position\":2,\"name\":\"Autres Services\"}]},{\"@type\":\"WebSite\",\"@id\":\"https:\\\/\\\/www.carrosserie-whow.fr\\\/#website\",\"url\":\"https:\\\/\\\/www.carrosserie-whow.fr\\\/\",\"name\":\"Carrosserie WHOW\",\"description\":\"\",\"publisher\":{\"@id\":\"https:\\\/\\\/www.carrosserie-whow.fr\\\/#organization\"},\"potentialAction\":[{\"@type\":\"SearchAction\",\"target\":{\"@type\":\"EntryPoint\",\"urlTemplate\":\"https:\\\/\\\/www.carrosserie-whow.fr\\\/?s={search_term_string}\"},\"query-input\":{\"@type\":\"PropertyValueSpecification\",\"valueRequired\":true,\"valueName\":\"search_term_string\"}}],\"inLanguage\":\"fr-FR\"},{\"@type\":\"Organization\",\"@id\":\"https:\\\/\\\/www.carrosserie-whow.fr\\\/#organization\",\"name\":\"Carrosserie WHOW\",\"url\":\"https:\\\/\\\/www.carrosserie-whow.fr\\\/\",\"logo\":{\"@type\":\"ImageObject\",\"inLanguage\":\"fr-FR\",\"@id\":\"https:\\\/\\\/www.carrosserie-whow.fr\\\/#\\\/schema\\\/logo\\\/image\\\/\",\"url\":\"https:\\\/\\\/www.carrosserie-whow.fr\\\/wp-content\\\/uploads\\\/2024\\\/05\\\/IMG_0633.png\",\"contentUrl\":\"https:\\\/\\\/www.carrosserie-whow.fr\\\/wp-content\\\/uploads\\\/2024\\\/05\\\/IMG_0633.png\",\"width\":3508,\"height\":2480,\"caption\":\"Carrosserie WHOW\"},\"image\":{\"@id\":\"https:\\\/\\\/www.carrosserie-whow.fr\\\/#\\\/schema\\\/logo\\\/image\\\/\"},\"sameAs\":[\"https:\\\/\\\/www.facebook.com\\\/WhowDSP\",\"https:\\\/\\\/x.com\\\/Whow_fr\",\"https:\\\/\\\/www.instagram.com\\\/whow.dsp\\\/\"]}]}<\/script>\n<!-- \/ Yoast SEO plugin. -->","yoast_head_json":{"title":"Autres Services - Carrosserie WHOW","robots":{"index":"index","follow":"follow","max-snippet":"max-snippet:-1","max-image-preview":"max-image-preview:large","max-video-preview":"max-video-preview:-1"},"canonical":"https:\/\/www.carrosserie-whow.fr\/?page_id=1988","og_locale":"fr_FR","og_type":"article","og_title":"Autres Services - Carrosserie WHOW","og_description":"[vc_row][vc_column][vc_custom_heading text=\u00a0\u00bbAutres Services\u00a0\u00bb font_container=\u00a0\u00bbtag:h2|font_size:50|text_align:center|color:%23caf816&Prime;][vc_empty_space][vc_column_text] \u00c0 la Carrosserie Whow, notre mission est d\u2019offrir \u00e0 chaque v\u00e9hicule des prestations compl\u00e8tes et adapt\u00e9es qui vont au-del\u00e0 de la carrosserie traditionnelle. Sur cette page, d\u00e9couvrez l\u2019ensemble des services compl\u00e9mentaires que nous proposons pour optimiser l\u2019esth\u00e9tique, la s\u00e9curit\u00e9 et la valeur de votre v\u00e9hicule. Chaque service est r\u00e9alis\u00e9 par nos","og_url":"https:\/\/www.carrosserie-whow.fr\/?page_id=1988","og_site_name":"Carrosserie WHOW","article_publisher":"https:\/\/www.facebook.com\/WhowDSP","twitter_card":"summary_large_image","twitter_site":"@Whow_fr","twitter_misc":{"Dur\u00e9e de lecture estim\u00e9e":"3 minutes"},"schema":{"@context":"https:\/\/schema.org","@graph":[{"@type":"WebPage","@id":"https:\/\/www.carrosserie-whow.fr\/?page_id=1988","url":"https:\/\/www.carrosserie-whow.fr\/?page_id=1988","name":"Autres Services - Carrosserie WHOW","isPartOf":{"@id":"https:\/\/www.carrosserie-whow.fr\/#website"},"datePublished":"2026-02-10T14:47:19+00:00","breadcrumb":{"@id":"https:\/\/www.carrosserie-whow.fr\/?page_id=1988#breadcrumb"},"inLanguage":"fr-FR","potentialAction":[{"@type":"ReadAction","target":["https:\/\/www.carrosserie-whow.fr\/?page_id=1988"]}]},{"@type":"BreadcrumbList","@id":"https:\/\/www.carrosserie-whow.fr\/?page_id=1988#breadcrumb","itemListElement":[{"@type":"ListItem","position":1,"name":"Accueil","item":"https:\/\/www.carrosserie-whow.fr\/"},{"@type":"ListItem","position":2,"name":"Autres Services"}]},{"@type":"WebSite","@id":"https:\/\/www.carrosserie-whow.fr\/#website","url":"https:\/\/www.carrosserie-whow.fr\/","name":"Carrosserie WHOW","description":"","publisher":{"@id":"https:\/\/www.carrosserie-whow.fr\/#organization"},"potentialAction":[{"@type":"SearchAction","target":{"@type":"EntryPoint","urlTemplate":"https:\/\/www.carrosserie-whow.fr\/?s={search_term_string}"},"query-input":{"@type":"PropertyValueSpecification","valueRequired":true,"valueName":"search_term_string"}}],"inLanguage":"fr-FR"},{"@type":"Organization","@id":"https:\/\/www.carrosserie-whow.fr\/#organization","name":"Carrosserie WHOW","url":"https:\/\/www.carrosserie-whow.fr\/","logo":{"@type":"ImageObject","inLanguage":"fr-FR","@id":"https:\/\/www.carrosserie-whow.fr\/#\/schema\/logo\/image\/","url":"https:\/\/www.carrosserie-whow.fr\/wp-content\/uploads\/2024\/05\/IMG_0633.png","contentUrl":"https:\/\/www.carrosserie-whow.fr\/wp-content\/uploads\/2024\/05\/IMG_0633.png","width":3508,"height":2480,"caption":"Carrosserie WHOW"},"image":{"@id":"https:\/\/www.carrosserie-whow.fr\/#\/schema\/logo\/image\/"},"sameAs":["https:\/\/www.facebook.com\/WhowDSP","https:\/\/x.com\/Whow_fr","https:\/\/www.instagram.com\/whow.dsp\/"]}]}},"_links":{"self":[{"href":"https:\/\/www.carrosserie-whow.fr\/index.php?rest_route=\/wp\/v2\/pages\/1988","targetHints":{"allow":["GET"]}}],"collection":[{"href":"https:\/\/www.carrosserie-whow.fr\/index.php?rest_route=\/wp\/v2\/pages"}],"about":[{"href":"https:\/\/www.carrosserie-whow.fr\/index.php?rest_route=\/wp\/v2\/types\/page"}],"author":[{"embeddable":true,"href":"https:\/\/www.carrosserie-whow.fr\/index.php?rest_route=\/wp\/v2\/users\/1"}],"replies":[{"embeddable":true,"href":"https:\/\/www.carrosserie-whow.fr\/index.php?rest_route=%2Fwp%2Fv2%2Fcomments&post=1988"}],"version-history":[{"count":12,"href":"https:\/\/www.carrosserie-whow.fr\/index.php?rest_route=\/wp\/v2\/pages\/1988\/revisions"}],"predecessor-version":[{"id":2002,"href":"https:\/\/www.carrosserie-whow.fr\/index.php?rest_route=\/wp\/v2\/pages\/1988\/revisions\/2002"}],"wp:attachment":[{"href":"https:\/\/www.carrosserie-whow.fr\/index.php?rest_route=%2Fwp%2Fv2%2Fmedia&parent=1988"}],"curies":[{"name":"wp","href":"https:\/\/api.w.org\/{rel}","templated":true}]}}