{"id":2086,"date":"2026-02-26T07:33:08","date_gmt":"2026-02-26T07:33:08","guid":{"rendered":"https:\/\/www.carrosserie-whow.fr\/?page_id=2086"},"modified":"2026-02-26T07:33:08","modified_gmt":"2026-02-26T07:33:08","slug":"nos-equipes","status":"publish","type":"page","link":"https:\/\/www.carrosserie-whow.fr\/?page_id=2086","title":{"rendered":"Nos \u00e9quipes"},"content":{"rendered":"<div class=\"wpb-content-wrapper\"><p>[vc_row][vc_column][vc_custom_heading text=\u00a0\u00bbNos \u00e9quipes\u00a0\u00bb font_container=\u00a0\u00bbtag:h2|text_align:center|color:%23caf817&Prime;][vc_empty_space height=\u00a0\u00bb20px\u00a0\u00bb][vc_column_text]<\/p>\n<p style=\"text-align: center;\">Derri\u00e8re chaque carrosserie WHOW, il y a une \u00e9quipe soud\u00e9e, professionnelle et passionn\u00e9e par son m\u00e9tier. D\u00e9couvrez les \u00e9quipes qui interviennent chaque jour pour garantir des r\u00e9parations fiables, une qualit\u00e9 irr\u00e9prochable et un accueil toujours humain.<\/p>\n<p>[\/vc_column_text][\/vc_column][\/vc_row][vc_row][vc_column][vc_empty_space height=\u00a0\u00bb64px\u00a0\u00bb][\/vc_column][\/vc_row][vc_row][vc_column][vc_custom_heading text=\u00a0\u00bbDirigeants\u00a0\u00bb font_container=\u00a0\u00bbtag:h3|text_align:center|color:%23caf817&Prime;][vc_empty_space][\/vc_column][\/vc_row][vc_row][vc_column width=\u00a0\u00bb1\/3&Prime;][vc_single_image image=\u00a0\u00bb2095&Prime; alignment=\u00a0\u00bbcenter\u00a0\u00bb][vc_empty_space height=\u00a0\u00bb15px\u00a0\u00bb][vc_custom_heading text=\u00a0\u00bbVictor TINO\u00a0\u00bb font_container=\u00a0\u00bbtag:h4|text_align:center|color:%23ffffff\u00a0\u00bb][\/vc_column][vc_column width=\u00a0\u00bb1\/3&Prime;][vc_single_image image=\u00a0\u00bb2094&Prime; alignment=\u00a0\u00bbcenter\u00a0\u00bb][vc_empty_space height=\u00a0\u00bb15px\u00a0\u00bb][vc_custom_heading text=\u00a0\u00bbYannick PHILIBERT\u00a0\u00bb font_container=\u00a0\u00bbtag:h4|text_align:center|color:%23ffffff\u00a0\u00bb][\/vc_column][vc_column width=\u00a0\u00bb1\/3&Prime;][vc_single_image image=\u00a0\u00bb2105&Prime; alignment=\u00a0\u00bbcenter\u00a0\u00bb][vc_empty_space height=\u00a0\u00bb15px\u00a0\u00bb][vc_custom_heading text=\u00a0\u00bbAlexandre BOUILLARD\u00a0\u00bb font_container=\u00a0\u00bbtag:h4|text_align:center|color:%23ffffff\u00a0\u00bb][\/vc_column][\/vc_row][vc_row][vc_column][vc_empty_space height=\u00a0\u00bb64px\u00a0\u00bb][\/vc_column][\/vc_row][vc_row][vc_column][vc_custom_heading text=\u00a0\u00bbService comptabilit\u00e9, administratif, marketing &amp; communication\u00a0\u00bb font_container=\u00a0\u00bbtag:h3|text_align:center|color:%23caf817&Prime;][vc_empty_space][\/vc_column][\/vc_row][vc_row][vc_column width=\u00a0\u00bb1\/2&Prime;][vc_single_image image=\u00a0\u00bb2103&Prime; img_size=\u00a0\u00bbThumbnail\u00a0\u00bb alignment=\u00a0\u00bbcenter\u00a0\u00bb][vc_empty_space height=\u00a0\u00bb15px\u00a0\u00bb][vc_custom_heading text=\u00a0\u00bbSamantha Benoit\u00a0\u00bb font_container=\u00a0\u00bbtag:h3|text_align:center|color:%23caf817&Prime;][vc_column_text]<\/p>\n<p style=\"text-align: center;\">Responsable administrative et marketing<\/p>\n<p>[\/vc_column_text][\/vc_column][vc_column width=\u00a0\u00bb1\/2&Prime;][vc_single_image image=\u00a0\u00bb2104&Prime; img_size=\u00a0\u00bbThumbnail\u00a0\u00bb alignment=\u00a0\u00bbcenter\u00a0\u00bb][vc_empty_space height=\u00a0\u00bb15px\u00a0\u00bb][vc_custom_heading text=\u00a0\u00bbCharl\u00e8ne BOULY\u00a0\u00bb font_container=\u00a0\u00bbtag:h3|text_align:center|color:%23caf817&Prime;][vc_column_text]<\/p>\n<p style=\"text-align: center;\">Responsable communication &#8211; en alternance<\/p>\n<p>[\/vc_column_text][\/vc_column][\/vc_row][vc_row][vc_column][vc_empty_space height=\u00a0\u00bb64px\u00a0\u00bb][\/vc_column][\/vc_row][vc_row][vc_column width=\u00a0\u00bb1\/2&Prime;][vc_custom_heading text=\u00a0\u00bbCarrosserie WHOW 01&Prime; font_container=\u00a0\u00bbtag:h3|text_align:center|color:%23caf817&Prime;][vc_empty_space][vc_single_image image=\u00a0\u00bb2092&Prime; img_size=\u00a0\u00bbThumbnail\u00a0\u00bb alignment=\u00a0\u00bbcenter\u00a0\u00bb][vc_empty_space height=\u00a0\u00bb15px\u00a0\u00bb][vc_custom_heading text=\u00a0\u00bbManon HALOUZE\u00a0\u00bb font_container=\u00a0\u00bbtag:h4|text_align:center|color:%23caf817&Prime;][vc_column_text]<\/p>\n<p style=\"text-align: center;\">Peintre<\/p>\n<p>[\/vc_column_text][vc_empty_space][vc_single_image image=\u00a0\u00bb2093&Prime; img_size=\u00a0\u00bbThumbnail\u00a0\u00bb alignment=\u00a0\u00bbcenter\u00a0\u00bb][vc_empty_space height=\u00a0\u00bb15px\u00a0\u00bb][vc_custom_heading text=\u00a0\u00bbQuentin ROUX\u00a0\u00bb font_container=\u00a0\u00bbtag:h4|text_align:center|color:%23caf817&Prime;][vc_column_text]<\/p>\n<p style=\"text-align: center;\">Carrossier<\/p>\n<p>[\/vc_column_text][vc_empty_space][vc_single_image image=\u00a0\u00bb2110&Prime; img_size=\u00a0\u00bbThumbnail\u00a0\u00bb alignment=\u00a0\u00bbcenter\u00a0\u00bb][vc_empty_space height=\u00a0\u00bb15px\u00a0\u00bb][vc_custom_heading text=\u00a0\u00bbAli HANAFI\u00a0\u00bb font_container=\u00a0\u00bbtag:h4|text_align:center|color:%23caf817&Prime;][vc_column_text]<\/p>\n<p style=\"text-align: center;\">Carrossier &#8211; en alternance<\/p>\n<p>[\/vc_column_text][\/vc_column][vc_column width=\u00a0\u00bb1\/2&Prime;][vc_custom_heading text=\u00a0\u00bbCarrosserie WHOW 69&Prime; font_container=\u00a0\u00bbtag:h3|text_align:center|color:%23caf817&Prime;][vc_empty_space][vc_row_inner][vc_column_inner width=\u00a0\u00bb1\/2&Prime;][vc_single_image image=\u00a0\u00bb2096&Prime; img_size=\u00a0\u00bbThumbnail\u00a0\u00bb alignment=\u00a0\u00bbcenter\u00a0\u00bb][vc_empty_space height=\u00a0\u00bb15px\u00a0\u00bb][vc_custom_heading text=\u00a0\u00bbJehan BERTRAND\u00a0\u00bb font_container=\u00a0\u00bbtag:h4|text_align:center|color:%23caf817&Prime;][vc_column_text]<\/p>\n<p style=\"text-align: center;\">Responsable de site<\/p>\n<p>[\/vc_column_text][vc_empty_space][vc_single_image image=\u00a0\u00bb2098&Prime; img_size=\u00a0\u00bbThumbnail\u00a0\u00bb alignment=\u00a0\u00bbcenter\u00a0\u00bb][vc_empty_space height=\u00a0\u00bb15px\u00a0\u00bb][vc_custom_heading text=\u00a0\u00bbMorgane MARTINEZ\u00a0\u00bb font_container=\u00a0\u00bbtag:h4|text_align:center|color:%23caf817&Prime;][vc_column_text]<\/p>\n<p style=\"text-align: center;\">Secr\u00e9taire &#8211; Accueil<\/p>\n<p>[\/vc_column_text][vc_empty_space][vc_single_image image=\u00a0\u00bb2100&Prime; img_size=\u00a0\u00bbThumbnail\u00a0\u00bb alignment=\u00a0\u00bbcenter\u00a0\u00bb][vc_empty_space height=\u00a0\u00bb15px\u00a0\u00bb][vc_custom_heading text=\u00a0\u00bbPaulo DE JESUS\u00a0\u00bb font_container=\u00a0\u00bbtag:h4|text_align:center|color:%23caf817&Prime;][vc_column_text]<\/p>\n<p style=\"text-align: center;\">Carrossier<\/p>\n<p>[\/vc_column_text][vc_empty_space][\/vc_column_inner][vc_column_inner width=\u00a0\u00bb1\/2&Prime;][vc_single_image image=\u00a0\u00bb2097&Prime; img_size=\u00a0\u00bbThumbnail\u00a0\u00bb alignment=\u00a0\u00bbcenter\u00a0\u00bb][vc_empty_space height=\u00a0\u00bb15px\u00a0\u00bb][vc_custom_heading text=\u00a0\u00bbArmelle VINOT\u00a0\u00bb font_container=\u00a0\u00bbtag:h4|text_align:center|color:%23caf817&Prime;][vc_column_text]<\/p>\n<p style=\"text-align: center;\">Secr\u00e9taire comptable<\/p>\n<p>[\/vc_column_text][vc_empty_space][vc_single_image image=\u00a0\u00bb2102&Prime; img_size=\u00a0\u00bbThumbnail\u00a0\u00bb alignment=\u00a0\u00bbcenter\u00a0\u00bb][vc_empty_space height=\u00a0\u00bb15px\u00a0\u00bb][vc_custom_heading text=\u00a0\u00bbDavid SCHEID\u00a0\u00bb font_container=\u00a0\u00bbtag:h4|text_align:center|color:%23caf817&Prime;][vc_column_text]<\/p>\n<p style=\"text-align: center;\">Peintre<\/p>\n<p>[\/vc_column_text][vc_empty_space][vc_single_image image=\u00a0\u00bb2101&Prime; img_size=\u00a0\u00bbThumbnail\u00a0\u00bb alignment=\u00a0\u00bbcenter\u00a0\u00bb][vc_empty_space height=\u00a0\u00bb15px\u00a0\u00bb][vc_custom_heading text=\u00a0\u00bbSacha GERINI\u00a0\u00bb font_container=\u00a0\u00bbtag:h4|text_align:center|color:%23caf817&Prime;][vc_column_text]<\/p>\n<p style=\"text-align: center;\">Carrossier &#8211; en alternance<\/p>\n<p>[\/vc_column_text][vc_empty_space][\/vc_column_inner][\/vc_row_inner][vc_single_image image=\u00a0\u00bb2099&Prime; img_size=\u00a0\u00bbThumbnail\u00a0\u00bb alignment=\u00a0\u00bbcenter\u00a0\u00bb][vc_empty_space height=\u00a0\u00bb15px\u00a0\u00bb][vc_custom_heading text=\u00a0\u00bbReza MOHAMMADI\u00a0\u00bb font_container=\u00a0\u00bbtag:h4|text_align:center|color:%23caf817&Prime;][vc_column_text]<\/p>\n<p style=\"text-align: center;\">Carrossier &#8211; en alternance<\/p>\n<p>[\/vc_column_text][\/vc_column][\/vc_row]<\/p>\n<\/div>","protected":false},"excerpt":{"rendered":"<p>[vc_row][vc_column][vc_custom_heading text=\u00a0\u00bbNos \u00e9quipes\u00a0\u00bb font_container=\u00a0\u00bbtag:h2|text_align:center|color:%23caf817&Prime;][vc_empty_space height=\u00a0\u00bb20px\u00a0\u00bb][vc_column_text] Derri\u00e8re chaque carrosserie WHOW, il y a une \u00e9quipe soud\u00e9e, professionnelle et passionn\u00e9e par son m\u00e9tier. D\u00e9couvrez les \u00e9quipes qui interviennent chaque jour pour garantir des r\u00e9parations fiables, une qualit\u00e9 irr\u00e9prochable et un accueil toujours humain. [\/vc_column_text][\/vc_column][\/vc_row][vc_row][vc_column][vc_empty_space height=\u00a0\u00bb64px\u00a0\u00bb][\/vc_column][\/vc_row][vc_row][vc_column][vc_custom_heading text=\u00a0\u00bbDirigeants\u00a0\u00bb font_container=\u00a0\u00bbtag:h3|text_align:center|color:%23caf817&Prime;][vc_empty_space][\/vc_column][\/vc_row][vc_row][vc_column width=\u00a0\u00bb1\/3&Prime;][vc_single_image image=\u00a0\u00bb2095&Prime; alignment=\u00a0\u00bbcenter\u00a0\u00bb][vc_empty_space height=\u00a0\u00bb15px\u00a0\u00bb][vc_custom_heading text=\u00a0\u00bbVictor TINO\u00a0\u00bb font_container=\u00a0\u00bbtag:h4|text_align:center|color:%23ffffff\u00a0\u00bb][\/vc_column][vc_column width=\u00a0\u00bb1\/3&Prime;][vc_single_image image=\u00a0\u00bb2094&Prime; alignment=\u00a0\u00bbcenter\u00a0\u00bb][vc_empty_space<\/p>\n","protected":false},"author":1,"featured_media":0,"parent":0,"menu_order":0,"comment_status":"closed","ping_status":"closed","template":"","meta":{"footnotes":""},"class_list":["post-2086","page","type-page","status-publish","hentry"],"yoast_head":"<!-- This site is optimized with the Yoast SEO plugin v27.6 - https:\/\/yoast.com\/product\/yoast-seo-wordpress\/ -->\n<title>Nos \u00e9quipes - Carrosserie WHOW<\/title>\n<meta name=\"robots\" content=\"index, follow, max-snippet:-1, max-image-preview:large, max-video-preview:-1\" \/>\n<link rel=\"canonical\" href=\"https:\/\/www.carrosserie-whow.fr\/?page_id=2086\" \/>\n<meta property=\"og:locale\" content=\"fr_FR\" \/>\n<meta property=\"og:type\" content=\"article\" \/>\n<meta property=\"og:title\" content=\"Nos \u00e9quipes - Carrosserie WHOW\" \/>\n<meta property=\"og:description\" content=\"[vc_row][vc_column][vc_custom_heading text=\u00a0\u00bbNos \u00e9quipes\u00a0\u00bb font_container=\u00a0\u00bbtag:h2|text_align:center|color:%23caf817&Prime;][vc_empty_space height=\u00a0\u00bb20px\u00a0\u00bb][vc_column_text] Derri\u00e8re chaque carrosserie WHOW, il y a une \u00e9quipe soud\u00e9e, professionnelle et passionn\u00e9e par son m\u00e9tier. D\u00e9couvrez les \u00e9quipes qui interviennent chaque jour pour garantir des r\u00e9parations fiables, une qualit\u00e9 irr\u00e9prochable et un accueil toujours humain. [\/vc_column_text][\/vc_column][\/vc_row][vc_row][vc_column][vc_empty_space height=\u00a0\u00bb64px\u00a0\u00bb][\/vc_column][\/vc_row][vc_row][vc_column][vc_custom_heading text=\u00a0\u00bbDirigeants\u00a0\u00bb font_container=\u00a0\u00bbtag:h3|text_align:center|color:%23caf817&Prime;][vc_empty_space][\/vc_column][\/vc_row][vc_row][vc_column width=\u00a0\u00bb1\/3&Prime;][vc_single_image image=\u00a0\u00bb2095&Prime; alignment=\u00a0\u00bbcenter\u00a0\u00bb][vc_empty_space height=\u00a0\u00bb15px\u00a0\u00bb][vc_custom_heading text=\u00a0\u00bbVictor TINO\u00a0\u00bb font_container=\u00a0\u00bbtag:h4|text_align:center|color:%23ffffff\u00a0\u00bb][\/vc_column][vc_column width=\u00a0\u00bb1\/3&Prime;][vc_single_image image=\u00a0\u00bb2094&Prime; alignment=\u00a0\u00bbcenter\u00a0\u00bb][vc_empty_space\" \/>\n<meta property=\"og:url\" content=\"https:\/\/www.carrosserie-whow.fr\/?page_id=2086\" \/>\n<meta property=\"og:site_name\" content=\"Carrosserie WHOW\" \/>\n<meta property=\"article:publisher\" content=\"https:\/\/www.facebook.com\/WhowDSP\" \/>\n<meta name=\"twitter:card\" content=\"summary_large_image\" \/>\n<meta name=\"twitter:site\" content=\"@Whow_fr\" \/>\n<meta name=\"twitter:label1\" content=\"Dur\u00e9e de lecture estim\u00e9e\" \/>\n\t<meta name=\"twitter:data1\" content=\"5 minutes\" \/>\n<script type=\"application\/ld+json\" class=\"yoast-schema-graph\">{\"@context\":\"https:\\\/\\\/schema.org\",\"@graph\":[{\"@type\":\"WebPage\",\"@id\":\"https:\\\/\\\/www.carrosserie-whow.fr\\\/?page_id=2086\",\"url\":\"https:\\\/\\\/www.carrosserie-whow.fr\\\/?page_id=2086\",\"name\":\"Nos \u00e9quipes - Carrosserie WHOW\",\"isPartOf\":{\"@id\":\"https:\\\/\\\/www.carrosserie-whow.fr\\\/#website\"},\"datePublished\":\"2026-02-26T07:33:08+00:00\",\"breadcrumb\":{\"@id\":\"https:\\\/\\\/www.carrosserie-whow.fr\\\/?page_id=2086#breadcrumb\"},\"inLanguage\":\"fr-FR\",\"potentialAction\":[{\"@type\":\"ReadAction\",\"target\":[\"https:\\\/\\\/www.carrosserie-whow.fr\\\/?page_id=2086\"]}]},{\"@type\":\"BreadcrumbList\",\"@id\":\"https:\\\/\\\/www.carrosserie-whow.fr\\\/?page_id=2086#breadcrumb\",\"itemListElement\":[{\"@type\":\"ListItem\",\"position\":1,\"name\":\"Accueil\",\"item\":\"https:\\\/\\\/www.carrosserie-whow.fr\\\/\"},{\"@type\":\"ListItem\",\"position\":2,\"name\":\"Nos \u00e9quipes\"}]},{\"@type\":\"WebSite\",\"@id\":\"https:\\\/\\\/www.carrosserie-whow.fr\\\/#website\",\"url\":\"https:\\\/\\\/www.carrosserie-whow.fr\\\/\",\"name\":\"Carrosserie WHOW\",\"description\":\"\",\"publisher\":{\"@id\":\"https:\\\/\\\/www.carrosserie-whow.fr\\\/#organization\"},\"potentialAction\":[{\"@type\":\"SearchAction\",\"target\":{\"@type\":\"EntryPoint\",\"urlTemplate\":\"https:\\\/\\\/www.carrosserie-whow.fr\\\/?s={search_term_string}\"},\"query-input\":{\"@type\":\"PropertyValueSpecification\",\"valueRequired\":true,\"valueName\":\"search_term_string\"}}],\"inLanguage\":\"fr-FR\"},{\"@type\":\"Organization\",\"@id\":\"https:\\\/\\\/www.carrosserie-whow.fr\\\/#organization\",\"name\":\"Carrosserie WHOW\",\"url\":\"https:\\\/\\\/www.carrosserie-whow.fr\\\/\",\"logo\":{\"@type\":\"ImageObject\",\"inLanguage\":\"fr-FR\",\"@id\":\"https:\\\/\\\/www.carrosserie-whow.fr\\\/#\\\/schema\\\/logo\\\/image\\\/\",\"url\":\"https:\\\/\\\/www.carrosserie-whow.fr\\\/wp-content\\\/uploads\\\/2024\\\/05\\\/IMG_0633.png\",\"contentUrl\":\"https:\\\/\\\/www.carrosserie-whow.fr\\\/wp-content\\\/uploads\\\/2024\\\/05\\\/IMG_0633.png\",\"width\":3508,\"height\":2480,\"caption\":\"Carrosserie WHOW\"},\"image\":{\"@id\":\"https:\\\/\\\/www.carrosserie-whow.fr\\\/#\\\/schema\\\/logo\\\/image\\\/\"},\"sameAs\":[\"https:\\\/\\\/www.facebook.com\\\/WhowDSP\",\"https:\\\/\\\/x.com\\\/Whow_fr\",\"https:\\\/\\\/www.instagram.com\\\/whow.dsp\\\/\"]}]}<\/script>\n<!-- \/ Yoast SEO plugin. -->","yoast_head_json":{"title":"Nos \u00e9quipes - Carrosserie WHOW","robots":{"index":"index","follow":"follow","max-snippet":"max-snippet:-1","max-image-preview":"max-image-preview:large","max-video-preview":"max-video-preview:-1"},"canonical":"https:\/\/www.carrosserie-whow.fr\/?page_id=2086","og_locale":"fr_FR","og_type":"article","og_title":"Nos \u00e9quipes - Carrosserie WHOW","og_description":"[vc_row][vc_column][vc_custom_heading text=\u00a0\u00bbNos \u00e9quipes\u00a0\u00bb font_container=\u00a0\u00bbtag:h2|text_align:center|color:%23caf817&Prime;][vc_empty_space height=\u00a0\u00bb20px\u00a0\u00bb][vc_column_text] Derri\u00e8re chaque carrosserie WHOW, il y a une \u00e9quipe soud\u00e9e, professionnelle et passionn\u00e9e par son m\u00e9tier. D\u00e9couvrez les \u00e9quipes qui interviennent chaque jour pour garantir des r\u00e9parations fiables, une qualit\u00e9 irr\u00e9prochable et un accueil toujours humain. [\/vc_column_text][\/vc_column][\/vc_row][vc_row][vc_column][vc_empty_space height=\u00a0\u00bb64px\u00a0\u00bb][\/vc_column][\/vc_row][vc_row][vc_column][vc_custom_heading text=\u00a0\u00bbDirigeants\u00a0\u00bb font_container=\u00a0\u00bbtag:h3|text_align:center|color:%23caf817&Prime;][vc_empty_space][\/vc_column][\/vc_row][vc_row][vc_column width=\u00a0\u00bb1\/3&Prime;][vc_single_image image=\u00a0\u00bb2095&Prime; alignment=\u00a0\u00bbcenter\u00a0\u00bb][vc_empty_space height=\u00a0\u00bb15px\u00a0\u00bb][vc_custom_heading text=\u00a0\u00bbVictor TINO\u00a0\u00bb font_container=\u00a0\u00bbtag:h4|text_align:center|color:%23ffffff\u00a0\u00bb][\/vc_column][vc_column width=\u00a0\u00bb1\/3&Prime;][vc_single_image image=\u00a0\u00bb2094&Prime; alignment=\u00a0\u00bbcenter\u00a0\u00bb][vc_empty_space","og_url":"https:\/\/www.carrosserie-whow.fr\/?page_id=2086","og_site_name":"Carrosserie WHOW","article_publisher":"https:\/\/www.facebook.com\/WhowDSP","twitter_card":"summary_large_image","twitter_site":"@Whow_fr","twitter_misc":{"Dur\u00e9e de lecture estim\u00e9e":"5 minutes"},"schema":{"@context":"https:\/\/schema.org","@graph":[{"@type":"WebPage","@id":"https:\/\/www.carrosserie-whow.fr\/?page_id=2086","url":"https:\/\/www.carrosserie-whow.fr\/?page_id=2086","name":"Nos \u00e9quipes - Carrosserie WHOW","isPartOf":{"@id":"https:\/\/www.carrosserie-whow.fr\/#website"},"datePublished":"2026-02-26T07:33:08+00:00","breadcrumb":{"@id":"https:\/\/www.carrosserie-whow.fr\/?page_id=2086#breadcrumb"},"inLanguage":"fr-FR","potentialAction":[{"@type":"ReadAction","target":["https:\/\/www.carrosserie-whow.fr\/?page_id=2086"]}]},{"@type":"BreadcrumbList","@id":"https:\/\/www.carrosserie-whow.fr\/?page_id=2086#breadcrumb","itemListElement":[{"@type":"ListItem","position":1,"name":"Accueil","item":"https:\/\/www.carrosserie-whow.fr\/"},{"@type":"ListItem","position":2,"name":"Nos \u00e9quipes"}]},{"@type":"WebSite","@id":"https:\/\/www.carrosserie-whow.fr\/#website","url":"https:\/\/www.carrosserie-whow.fr\/","name":"Carrosserie WHOW","description":"","publisher":{"@id":"https:\/\/www.carrosserie-whow.fr\/#organization"},"potentialAction":[{"@type":"SearchAction","target":{"@type":"EntryPoint","urlTemplate":"https:\/\/www.carrosserie-whow.fr\/?s={search_term_string}"},"query-input":{"@type":"PropertyValueSpecification","valueRequired":true,"valueName":"search_term_string"}}],"inLanguage":"fr-FR"},{"@type":"Organization","@id":"https:\/\/www.carrosserie-whow.fr\/#organization","name":"Carrosserie WHOW","url":"https:\/\/www.carrosserie-whow.fr\/","logo":{"@type":"ImageObject","inLanguage":"fr-FR","@id":"https:\/\/www.carrosserie-whow.fr\/#\/schema\/logo\/image\/","url":"https:\/\/www.carrosserie-whow.fr\/wp-content\/uploads\/2024\/05\/IMG_0633.png","contentUrl":"https:\/\/www.carrosserie-whow.fr\/wp-content\/uploads\/2024\/05\/IMG_0633.png","width":3508,"height":2480,"caption":"Carrosserie WHOW"},"image":{"@id":"https:\/\/www.carrosserie-whow.fr\/#\/schema\/logo\/image\/"},"sameAs":["https:\/\/www.facebook.com\/WhowDSP","https:\/\/x.com\/Whow_fr","https:\/\/www.instagram.com\/whow.dsp\/"]}]}},"_links":{"self":[{"href":"https:\/\/www.carrosserie-whow.fr\/index.php?rest_route=\/wp\/v2\/pages\/2086","targetHints":{"allow":["GET"]}}],"collection":[{"href":"https:\/\/www.carrosserie-whow.fr\/index.php?rest_route=\/wp\/v2\/pages"}],"about":[{"href":"https:\/\/www.carrosserie-whow.fr\/index.php?rest_route=\/wp\/v2\/types\/page"}],"author":[{"embeddable":true,"href":"https:\/\/www.carrosserie-whow.fr\/index.php?rest_route=\/wp\/v2\/users\/1"}],"replies":[{"embeddable":true,"href":"https:\/\/www.carrosserie-whow.fr\/index.php?rest_route=%2Fwp%2Fv2%2Fcomments&post=2086"}],"version-history":[{"count":8,"href":"https:\/\/www.carrosserie-whow.fr\/index.php?rest_route=\/wp\/v2\/pages\/2086\/revisions"}],"predecessor-version":[{"id":2111,"href":"https:\/\/www.carrosserie-whow.fr\/index.php?rest_route=\/wp\/v2\/pages\/2086\/revisions\/2111"}],"wp:attachment":[{"href":"https:\/\/www.carrosserie-whow.fr\/index.php?rest_route=%2Fwp%2Fv2%2Fmedia&parent=2086"}],"curies":[{"name":"wp","href":"https:\/\/api.w.org\/{rel}","templated":true}]}}